{"id":1206,"date":"2021-09-14T23:20:05","date_gmt":"2021-09-14T22:20:05","guid":{"rendered":"https:\/\/masstige.pt\/?page_id=1206"},"modified":"2021-09-14T23:20:06","modified_gmt":"2021-09-14T22:20:06","slug":"politica-de-cookies","status":"publish","type":"page","link":"https:\/\/masstige.pt\/en\/politica-de-cookies\/","title":{"rendered":"Cookie Policy"},"content":{"rendered":"<p><strong>O que s\u00e3o cookies?<\/strong><\/p>\n\n\n\n<p>\u201cCookies\u201d s\u00e3o pequenas etiquetas de software que s\u00e3o armazenadas nos equipamentos de acesso atrav\u00e9s do navegador (browser), retendo apenas informa\u00e7\u00e3o relacionada com as prefer\u00eancias, n\u00e3o incluindo, como tal, os dados pessoais.<\/p>\n\n\n\n<p><strong>Para que servem os Cookies?<\/strong><\/p>\n\n\n\n<p>Os cookies servem para ajudar a determinar a utilidade, interesse e o n\u00famero de utiliza\u00e7\u00f5es dos websites, permitindo uma navega\u00e7\u00e3o mais r\u00e1pida e eficiente, eliminando a necessidade de introduzir repetidamente as mesmas informa\u00e7\u00f5es.<\/p>\n\n\n\n<p><strong>Os cookies utilizados podem ser:<\/strong><\/p>\n\n\n\n<p>\u2013&nbsp;<strong>Cookies Permanentes<\/strong>: ficam armazenados ao n\u00edvel do navegador de internet (browser) nos seus dispositivos de acesso (pc, mobile e tablet) e s\u00e3o utilizados sempre que o utilizador faz uma nova visita ao site. Geralmente s\u00e3o utilizados para direcionar a navega\u00e7\u00e3o de acordo com os interesses do utilizador, permitindo-nos prestar um servi\u00e7o mais personalizado.<\/p>\n\n\n\n<p>\u2013&nbsp;<strong>Cookies de Sess\u00e3o<\/strong>: s\u00e3o tempor\u00e1rios, permanecem nos cookies do seu navegador de internet (browser) at\u00e9 sair do site. A informa\u00e7\u00e3o obtida permite identificar problemas e fornecer uma melhor experi\u00eancia de navega\u00e7\u00e3o.<\/p>\n\n\n\n<p><strong>Para que se utilizam os cookies no Site da Cl\u00ednica Lambert?<\/strong><\/p>\n\n\n\n<p>Os nossos cookies t\u00eam diferentes fun\u00e7\u00f5es:<\/p>\n\n\n\n<p>\u2013&nbsp;<strong>Cookies Essenciais<\/strong>: a\u200blguns cookies s\u00e3o essenciais para aceder a \u00e1reas espec\u00edficas do nosso site. Permitem a navega\u00e7\u00e3o no site e a utiliza\u00e7\u00e3o das suas aplica\u00e7\u00f5es, tal como aceder a \u00e1reas seguras do site atrav\u00e9s de login. Sem estes cookies, os servi\u00e7os que o exijam n\u00e3o podem ser prestados.<\/p>\n\n\n\n<p>\u2013&nbsp;<strong>Cookies Anal\u00edticos<\/strong>: utilizamos estes cookies para analisar a forma como os utilizadores usam o site e monitorar a performance deste. Isto permite-nos fornecer uma experi\u00eancia de alta qualidade ao personalizar a nossa oferta e rapidamente identificar e corrigir quaisquer problemas que surjam. Por exemplo, usamos cookies de desempenho para saber quais as p\u00e1ginas mais populares, qual o m\u00e9todo de liga\u00e7\u00e3o entre p\u00e1ginas que \u00e9 mais eficaz, ou para determinar a raz\u00e3o de algumas p\u00e1ginas estarem a receber mensagens de erro. Baseado na utiliza\u00e7\u00e3o do site, podemos tamb\u00e9m utilizar estes cookies para destacar artigos ou servi\u00e7os do site que pensamos ser do interesse dos utilizadores. Estes cookies s\u00e3o utilizados apenas para efeitos de cria\u00e7\u00e3o e an\u00e1lise estat\u00edstica, sem nunca recolher informa\u00e7\u00e3o de car\u00e1ter pessoal.<\/p>\n\n\n\n<p>\u2013&nbsp;<strong>Cookies de Funcionalidade<\/strong>: utilizamos cookies de funcionalidade para nos permitir relembrar as prefer\u00eancias do utilizador. Por exemplo, os cookies evitam digitar o nome do utilizador cada vez que este acede ao site.<\/p>\n\n\n\n<p>Em resumo, os cookies de funcionalidade guardam as prefer\u00eancias do utilizador relativamente \u00e0 utiliza\u00e7\u00e3o do site, de forma que n\u00e3o seja necess\u00e1rio voltar a configurar o site cada vez que o visita.<\/p>\n\n\n\n<p>Os cookies definidos pelo Google Analytics enviam dados somente para o servidor onde est\u00e1 instalado o dom\u00ednio, o que os torna propriedade desse dom\u00ednio. Estes dados n\u00e3o podem ser alterados ou recuperados por nenhum servi\u00e7o ou por outro dom\u00ednio. A informa\u00e7\u00e3o obtida atrav\u00e9s destes meios n\u00e3o permite estabelecer qualquer relacionamento ao n\u00edvel do endere\u00e7o de IP dos utilizadores com o prop\u00f3sito de verificar dados pessoais. Consulta de informa\u00e7\u00f5es adicionais sobre a recolha de dados pelo Google Analytics em&nbsp;<a href=\"https:\/\/www.facebook.com\/policies\/cookies\/\">www.google.com\/policies\/privacy\/partners\/<\/a>.<\/p>\n\n\n\n<p>S\u00e3o tamb\u00e9m utilizados cookies de redes sociais, especificamente do Facebook, para efeitos de partilha de conte\u00fados. A informa\u00e7\u00e3o sobre tratamento de dados e pol\u00edtica de cookies do Facebook est\u00e1 dispon\u00edvel &nbsp;em&nbsp;<a href=\"https:\/\/www.facebook.com\/policies\/cookies\/\">https:\/\/www.facebook.com\/policies\/cookies\/<\/a>.<\/p>\n\n\n\n<p><strong>\u00c9 poss\u00edvel desativar a utiliza\u00e7\u00e3o de cookies?<\/strong><\/p>\n\n\n\n<p>A maioria dos programas de navega\u00e7\u00e3o est\u00e1 definida para aceitar cookies, embora seja poss\u00edvel configurar o navegador para recusar todos os cookies (ver abaixo), ou para indicar quando um cookie est\u00e1 a ser enviado.<\/p>\n\n\n\n<p>Se pretende bloquear ou apagar os cookies deste site, pode faz\u00ea-lo modificando a configura\u00e7\u00e3o do seu browser. Embora a parametriza\u00e7\u00e3o de cada um seja diferente, \u00e9 comum que se configure no menu de \u201cPrefer\u00eancias\u201d ou \u201cFerramentas\u201d. Para mais detalhes sobre a configura\u00e7\u00e3o dos cookies, consulte o menu \u201cAjuda\u201d do seu browser.\u200b<\/p>","protected":false},"excerpt":{"rendered":"<p>O que s\u00e3o cookies? \u201cCookies\u201d s\u00e3o pequenas etiquetas de software que s\u00e3o armazenadas nos equipamentos de acesso atrav\u00e9s do navegador (browser), retendo apenas informa\u00e7\u00e3o relacionada com as prefer\u00eancias, n\u00e3o incluindo, como tal, os dados pessoais. Para que servem os Cookies? Os cookies servem para ajudar a determinar a utilidade, interesse e o n\u00famero de utiliza\u00e7\u00f5es [&hellip;]<\/p>\n","protected":false},"author":1,"featured_media":0,"parent":0,"menu_order":0,"comment_status":"closed","ping_status":"closed","template":"","meta":{"footnotes":""},"class_list":["post-1206","page","type-page","status-publish","hentry"],"yoast_head":"<!-- This site is optimized with the Yoast SEO plugin v27.0 - https:\/\/yoast.com\/product\/yoast-seo-wordpress\/ -->\n<title>Pol\u00edtica de Cookies - Masstige Catering<\/title>\n<meta name=\"robots\" content=\"index, follow, max-snippet:-1, max-image-preview:large, max-video-preview:-1\" \/>\n<link rel=\"canonical\" href=\"https:\/\/masstige.pt\/en\/politica-de-cookies\/\" \/>\n<meta property=\"og:locale\" content=\"en_GB\" \/>\n<meta property=\"og:type\" content=\"article\" \/>\n<meta property=\"og:title\" content=\"Pol\u00edtica de Cookies - Masstige Catering\" \/>\n<meta property=\"og:description\" content=\"O que s\u00e3o cookies? \u201cCookies\u201d s\u00e3o pequenas etiquetas de software que s\u00e3o armazenadas nos equipamentos de acesso atrav\u00e9s do navegador (browser), retendo apenas informa\u00e7\u00e3o relacionada com as prefer\u00eancias, n\u00e3o incluindo, como tal, os dados pessoais. Para que servem os Cookies? Os cookies servem para ajudar a determinar a utilidade, interesse e o n\u00famero de utiliza\u00e7\u00f5es [&hellip;]\" \/>\n<meta property=\"og:url\" content=\"https:\/\/masstige.pt\/en\/politica-de-cookies\/\" \/>\n<meta property=\"og:site_name\" content=\"Masstige Catering\" \/>\n<meta property=\"article:modified_time\" content=\"2021-09-14T22:20:06+00:00\" \/>\n<meta name=\"twitter:card\" content=\"summary_large_image\" \/>\n<meta name=\"twitter:label1\" content=\"Estimated reading time\" \/>\n\t<meta name=\"twitter:data1\" content=\"4 minutes\" \/>\n<script type=\"application\/ld+json\" class=\"yoast-schema-graph\">{\"@context\":\"https:\/\/schema.org\",\"@graph\":[{\"@type\":\"WebPage\",\"@id\":\"https:\/\/masstige.pt\/politica-de-cookies\/\",\"url\":\"https:\/\/masstige.pt\/politica-de-cookies\/\",\"name\":\"Pol\u00edtica de Cookies - Masstige Catering\",\"isPartOf\":{\"@id\":\"https:\/\/masstige.pt\/#website\"},\"datePublished\":\"2021-09-14T22:20:05+00:00\",\"dateModified\":\"2021-09-14T22:20:06+00:00\",\"breadcrumb\":{\"@id\":\"https:\/\/masstige.pt\/politica-de-cookies\/#breadcrumb\"},\"inLanguage\":\"en-GB\",\"potentialAction\":[{\"@type\":\"ReadAction\",\"target\":[\"https:\/\/masstige.pt\/politica-de-cookies\/\"]}]},{\"@type\":\"BreadcrumbList\",\"@id\":\"https:\/\/masstige.pt\/politica-de-cookies\/#breadcrumb\",\"itemListElement\":[{\"@type\":\"ListItem\",\"position\":1,\"name\":\"In\u00edcio\",\"item\":\"https:\/\/masstige.pt\/\"},{\"@type\":\"ListItem\",\"position\":2,\"name\":\"Pol\u00edtica de Cookies\"}]},{\"@type\":\"WebSite\",\"@id\":\"https:\/\/masstige.pt\/#website\",\"url\":\"https:\/\/masstige.pt\/\",\"name\":\"Masstige Catering\",\"description\":\"Eventos para todas as medidas\",\"potentialAction\":[{\"@type\":\"SearchAction\",\"target\":{\"@type\":\"EntryPoint\",\"urlTemplate\":\"https:\/\/masstige.pt\/?s={search_term_string}\"},\"query-input\":{\"@type\":\"PropertyValueSpecification\",\"valueRequired\":true,\"valueName\":\"search_term_string\"}}],\"inLanguage\":\"en-GB\"}]}<\/script>\n<!-- \/ Yoast SEO plugin. -->","yoast_head_json":{"title":"Pol\u00edtica de Cookies - Masstige Catering","robots":{"index":"index","follow":"follow","max-snippet":"max-snippet:-1","max-image-preview":"max-image-preview:large","max-video-preview":"max-video-preview:-1"},"canonical":"https:\/\/masstige.pt\/en\/politica-de-cookies\/","og_locale":"en_GB","og_type":"article","og_title":"Pol\u00edtica de Cookies - Masstige Catering","og_description":"O que s\u00e3o cookies? \u201cCookies\u201d s\u00e3o pequenas etiquetas de software que s\u00e3o armazenadas nos equipamentos de acesso atrav\u00e9s do navegador (browser), retendo apenas informa\u00e7\u00e3o relacionada com as prefer\u00eancias, n\u00e3o incluindo, como tal, os dados pessoais. Para que servem os Cookies? Os cookies servem para ajudar a determinar a utilidade, interesse e o n\u00famero de utiliza\u00e7\u00f5es [&hellip;]","og_url":"https:\/\/masstige.pt\/en\/politica-de-cookies\/","og_site_name":"Masstige Catering","article_modified_time":"2021-09-14T22:20:06+00:00","twitter_card":"summary_large_image","twitter_misc":{"Estimated reading time":"4 minutes"},"schema":{"@context":"https:\/\/schema.org","@graph":[{"@type":"WebPage","@id":"https:\/\/masstige.pt\/politica-de-cookies\/","url":"https:\/\/masstige.pt\/politica-de-cookies\/","name":"Pol\u00edtica de Cookies - Masstige Catering","isPartOf":{"@id":"https:\/\/masstige.pt\/#website"},"datePublished":"2021-09-14T22:20:05+00:00","dateModified":"2021-09-14T22:20:06+00:00","breadcrumb":{"@id":"https:\/\/masstige.pt\/politica-de-cookies\/#breadcrumb"},"inLanguage":"en-GB","potentialAction":[{"@type":"ReadAction","target":["https:\/\/masstige.pt\/politica-de-cookies\/"]}]},{"@type":"BreadcrumbList","@id":"https:\/\/masstige.pt\/politica-de-cookies\/#breadcrumb","itemListElement":[{"@type":"ListItem","position":1,"name":"In\u00edcio","item":"https:\/\/masstige.pt\/"},{"@type":"ListItem","position":2,"name":"Pol\u00edtica de Cookies"}]},{"@type":"WebSite","@id":"https:\/\/masstige.pt\/#website","url":"https:\/\/masstige.pt\/","name":"Masstige Catering","description":"Eventos para todas as medidas","potentialAction":[{"@type":"SearchAction","target":{"@type":"EntryPoint","urlTemplate":"https:\/\/masstige.pt\/?s={search_term_string}"},"query-input":{"@type":"PropertyValueSpecification","valueRequired":true,"valueName":"search_term_string"}}],"inLanguage":"en-GB"}]}},"_links":{"self":[{"href":"https:\/\/masstige.pt\/en\/wp-json\/wp\/v2\/pages\/1206","targetHints":{"allow":["GET"]}}],"collection":[{"href":"https:\/\/masstige.pt\/en\/wp-json\/wp\/v2\/pages"}],"about":[{"href":"https:\/\/masstige.pt\/en\/wp-json\/wp\/v2\/types\/page"}],"author":[{"embeddable":true,"href":"https:\/\/masstige.pt\/en\/wp-json\/wp\/v2\/users\/1"}],"replies":[{"embeddable":true,"href":"https:\/\/masstige.pt\/en\/wp-json\/wp\/v2\/comments?post=1206"}],"version-history":[{"count":0,"href":"https:\/\/masstige.pt\/en\/wp-json\/wp\/v2\/pages\/1206\/revisions"}],"wp:attachment":[{"href":"https:\/\/masstige.pt\/en\/wp-json\/wp\/v2\/media?parent=1206"}],"curies":[{"name":"wp","href":"https:\/\/api.w.org\/{rel}","templated":true}]}}