{"id":1491,"date":"2021-09-16T16:22:26","date_gmt":"2021-09-16T15:22:26","guid":{"rendered":"https:\/\/masstige.pt\/?page_id=1491"},"modified":"2025-11-19T23:36:18","modified_gmt":"2025-11-19T22:36:18","slug":"contactos","status":"publish","type":"page","link":"https:\/\/masstige.pt\/en\/contactos\/","title":{"rendered":"Contactos"},"content":{"rendered":"<div class=\"wpb-content-wrapper\"><div class=\"vc_row wpb_row row top-row wpb_custom_034b39d9bc6c6b310d69e39f0ccf274f\"><div class=\"vc_column_container col-md-12\"><div class=\"wpb_wrapper vc_column-inner\"><div class=\"vc_empty_space\"   style=\"height: 32px\"><span class=\"vc_empty_space_inner\"><\/span><\/div><\/div><\/div><\/div><div class=\"vc_row wpb_row top-row porto-inner-container wpb_custom_034b39d9bc6c6b310d69e39f0ccf274f\"><div class=\"porto-wrap-container container\"><div class=\"row\"><div class=\"vc_column_container col-md-12\"><div class=\"wpb_wrapper vc_column-inner\"><h3 style=\"font-size: 1.2em;line-height: 42px;font-weight:500;letter-spacing:2.5px\" class=\"vc_custom_heading vc_do_custom_heading wpb_custom_aa365bd5046e8294520b4e73732b9d15 align-left heading-primary\" >TALK WITH US<\/h3><h2 style=\"font-size: 2.5em;line-height: 1.2;font-weight:700\" class=\"vc_custom_heading vc_do_custom_heading wpb_custom_aa365bd5046e8294520b4e73732b9d15 align-left\" >Still have questions? We're here to help.<\/h2><\/div><\/div><\/div><\/div><\/div><div class=\"vc_row wpb_row row top-row vc_custom_1731517904221 wpb_custom_034b39d9bc6c6b310d69e39f0ccf274f\"><div class=\"vc_column_container col-md-12\"><div class=\"wpb_wrapper vc_column-inner\">\n<div class=\"wpcf7 no-js\" id=\"wpcf7-f1787-o1\" lang=\"en-US\" dir=\"ltr\" data-wpcf7-id=\"1787\">\n<div class=\"screen-reader-response\"><p role=\"status\" aria-live=\"polite\" aria-atomic=\"true\"><\/p> <ul><\/ul><\/div>\n<form action=\"\/en\/wp-json\/wp\/v2\/pages\/1491#wpcf7-f1787-o1\" method=\"post\" class=\"wpcf7-form init\" aria-label=\"Contact form\" novalidate=\"novalidate\" data-status=\"init\" data-trp-original-action=\"\/en\/wp-json\/wp\/v2\/pages\/1491#wpcf7-f1787-o1\">\n<fieldset class=\"hidden-fields-container\"><input type=\"hidden\" name=\"_wpcf7\" value=\"1787\" \/><input type=\"hidden\" name=\"_wpcf7_version\" value=\"6.1.5\" \/><input type=\"hidden\" name=\"_wpcf7_locale\" value=\"en_US\" \/><input type=\"hidden\" name=\"_wpcf7_unit_tag\" value=\"wpcf7-f1787-o1\" \/><input type=\"hidden\" name=\"_wpcf7_container_post\" value=\"0\" \/><input type=\"hidden\" name=\"_wpcf7_posted_data_hash\" value=\"\" \/><input type=\"hidden\" name=\"_wpcf7_recaptcha_response\" value=\"\" \/>\n<\/fieldset>\n<div class=\"row m-r-n-sm m-l-n-sm\">\n  <div class=\"form-group col-lg-6 p-l-sm p-r-sm\">\n    <span class=\"wpcf7-form-control-wrap\" data-name=\"your-name\"><input size=\"40\" maxlength=\"400\" class=\"wpcf7-form-control wpcf7-text wpcf7-validates-as-required form-control\" aria-required=\"true\" aria-invalid=\"false\" placeholder=\"Name*\" value=\"\" type=\"text\" name=\"your-name\" \/><\/span>\n  <\/div>\n  <div class=\"form-group col-lg-6 p-l-sm p-r-sm\">\n    <span class=\"wpcf7-form-control-wrap\" data-name=\"your-phone\"><input size=\"40\" maxlength=\"400\" class=\"wpcf7-form-control wpcf7-text wpcf7-validates-as-required form-control\" aria-required=\"true\" aria-invalid=\"false\" placeholder=\"Telephone*\" value=\"\" type=\"text\" name=\"your-phone\" \/><\/span>\n  <\/div>\n<\/div>\n\n<div class=\"row m-r-n-sm m-l-n-sm\">\n  <div class=\"form-group col-lg-6 p-l-sm p-r-sm\">\n    <span class=\"wpcf7-form-control-wrap\" data-name=\"your-email\"><input size=\"40\" maxlength=\"400\" class=\"wpcf7-form-control wpcf7-email wpcf7-validates-as-required wpcf7-text wpcf7-validates-as-email form-control\" aria-required=\"true\" aria-invalid=\"false\" placeholder=\"Email*\" value=\"\" type=\"email\" name=\"your-email\" \/><\/span>\n  <\/div>\n  <div class=\"form-group col-lg-6 p-l-sm p-r-sm\">\n    <span class=\"wpcf7-form-control-wrap\" data-name=\"Assunto\"><input size=\"40\" maxlength=\"400\" class=\"wpcf7-form-control wpcf7-text form-control\" aria-invalid=\"false\" placeholder=\"Subject\" value=\"\" type=\"text\" name=\"Assunto\" \/><\/span>\n  <\/div>\n<\/div>\n\n<div class=\"form-group\">\n  <span class=\"wpcf7-form-control-wrap\" data-name=\"your-message\"><textarea cols=\"40\" rows=\"12\" maxlength=\"2000\" class=\"wpcf7-form-control wpcf7-textarea form-control\" aria-invalid=\"false\" placeholder=\"Your message\" name=\"your-message\"><\/textarea><\/span>\n<\/div>\n\n<span class=\"wpcf7-form-control-wrap\" data-name=\"privacy-policy\"><span class=\"wpcf7-form-control wpcf7-acceptance\"><span class=\"wpcf7-list-item\"><label><input type=\"checkbox\" name=\"privacy-policy\" value=\"1\" aria-invalid=\"false\" \/><span class=\"wpcf7-list-item-label\">I authorise the processing of the personal data contained in this form for the purpose of clarifying questions and\/or requests for quotes from the Masstige Catering service.<\/span><\/label><\/span><\/span><\/span>\n<br>*required field\n<div class=\"form-group\" style=\"margin-top: 10px;\">\n  <input class=\"wpcf7-form-control wpcf7-submit has-spinner btn btn-borders btn-lg btn-primary\" type=\"submit\" value=\"Send\" \/>\n<\/div><div class=\"wpcf7-response-output\" aria-hidden=\"true\"><\/div>\n<input type=\"hidden\" name=\"trp-form-language\" value=\"en\"\/><\/form>\n<\/div>\n<\/div><\/div><\/div>\n<\/div>","protected":false},"excerpt":{"rendered":"FALE CONNOSCOAinda ficou com d\u00favidas? Estamos aqui para ajudar. Autorizo o tratamento dos dados pessoais constantes do presente formul\u00e1rio para efeitos de esclarecimento de d\u00favidas e\/ou pedidos de or\u00e7amento do servi\u00e7o de Catering Masstige. *campo obrigat\u00f3rio","protected":false},"author":1,"featured_media":0,"parent":0,"menu_order":0,"comment_status":"closed","ping_status":"closed","template":"","meta":{"footnotes":""},"class_list":["post-1491","page","type-page","status-publish","hentry"],"yoast_head":"<!-- This site is optimized with the Yoast SEO plugin v27.0 - https:\/\/yoast.com\/product\/yoast-seo-wordpress\/ -->\n<title>Contactos - Masstige Catering<\/title>\n<meta name=\"description\" content=\"Entre em contacto com a Masstige Catering. Esclare\u00e7a d\u00favidas, pe\u00e7a or\u00e7amentos ou fa\u00e7a a sua encomenda para eventos ou menus festivos.\" \/>\n<meta name=\"robots\" content=\"index, follow, max-snippet:-1, max-image-preview:large, max-video-preview:-1\" \/>\n<link rel=\"canonical\" href=\"https:\/\/masstige.pt\/en\/contactos\/\" \/>\n<meta property=\"og:locale\" content=\"en_GB\" \/>\n<meta property=\"og:type\" content=\"article\" \/>\n<meta property=\"og:title\" content=\"Contactos - Masstige Catering\" \/>\n<meta property=\"og:description\" content=\"Entre em contacto com a Masstige Catering. Esclare\u00e7a d\u00favidas, pe\u00e7a or\u00e7amentos ou fa\u00e7a a sua encomenda para eventos ou menus festivos.\" \/>\n<meta property=\"og:url\" content=\"https:\/\/masstige.pt\/en\/contactos\/\" \/>\n<meta property=\"og:site_name\" content=\"Masstige Catering\" \/>\n<meta property=\"article:modified_time\" content=\"2025-11-19T22:36:18+00:00\" \/>\n<meta name=\"twitter:card\" content=\"summary_large_image\" \/>\n<meta name=\"twitter:label1\" content=\"Estimated reading time\" \/>\n\t<meta name=\"twitter:data1\" content=\"1 minute\" \/>\n<script type=\"application\/ld+json\" class=\"yoast-schema-graph\">{\"@context\":\"https:\/\/schema.org\",\"@graph\":[{\"@type\":\"WebPage\",\"@id\":\"https:\/\/masstige.pt\/contactos\/\",\"url\":\"https:\/\/masstige.pt\/contactos\/\",\"name\":\"Contactos - Masstige Catering\",\"isPartOf\":{\"@id\":\"https:\/\/masstige.pt\/#website\"},\"datePublished\":\"2021-09-16T15:22:26+00:00\",\"dateModified\":\"2025-11-19T22:36:18+00:00\",\"description\":\"Entre em contacto com a Masstige Catering. Esclare\u00e7a d\u00favidas, pe\u00e7a or\u00e7amentos ou fa\u00e7a a sua encomenda para eventos ou menus festivos.\",\"breadcrumb\":{\"@id\":\"https:\/\/masstige.pt\/contactos\/#breadcrumb\"},\"inLanguage\":\"en-GB\",\"potentialAction\":[{\"@type\":\"ReadAction\",\"target\":[\"https:\/\/masstige.pt\/contactos\/\"]}]},{\"@type\":\"BreadcrumbList\",\"@id\":\"https:\/\/masstige.pt\/contactos\/#breadcrumb\",\"itemListElement\":[{\"@type\":\"ListItem\",\"position\":1,\"name\":\"In\u00edcio\",\"item\":\"https:\/\/masstige.pt\/\"},{\"@type\":\"ListItem\",\"position\":2,\"name\":\"Contactos\"}]},{\"@type\":\"WebSite\",\"@id\":\"https:\/\/masstige.pt\/#website\",\"url\":\"https:\/\/masstige.pt\/\",\"name\":\"Masstige Catering\",\"description\":\"Eventos para todas as medidas\",\"potentialAction\":[{\"@type\":\"SearchAction\",\"target\":{\"@type\":\"EntryPoint\",\"urlTemplate\":\"https:\/\/masstige.pt\/?s={search_term_string}\"},\"query-input\":{\"@type\":\"PropertyValueSpecification\",\"valueRequired\":true,\"valueName\":\"search_term_string\"}}],\"inLanguage\":\"en-GB\"}]}<\/script>\n<!-- \/ Yoast SEO plugin. -->","yoast_head_json":{"title":"Contactos - Masstige Catering","description":"Entre em contacto com a Masstige Catering. Esclare\u00e7a d\u00favidas, pe\u00e7a or\u00e7amentos ou fa\u00e7a a sua encomenda para eventos ou menus festivos.","robots":{"index":"index","follow":"follow","max-snippet":"max-snippet:-1","max-image-preview":"max-image-preview:large","max-video-preview":"max-video-preview:-1"},"canonical":"https:\/\/masstige.pt\/en\/contactos\/","og_locale":"en_GB","og_type":"article","og_title":"Contactos - Masstige Catering","og_description":"Entre em contacto com a Masstige Catering. Esclare\u00e7a d\u00favidas, pe\u00e7a or\u00e7amentos ou fa\u00e7a a sua encomenda para eventos ou menus festivos.","og_url":"https:\/\/masstige.pt\/en\/contactos\/","og_site_name":"Masstige Catering","article_modified_time":"2025-11-19T22:36:18+00:00","twitter_card":"summary_large_image","twitter_misc":{"Estimated reading time":"1 minute"},"schema":{"@context":"https:\/\/schema.org","@graph":[{"@type":"WebPage","@id":"https:\/\/masstige.pt\/contactos\/","url":"https:\/\/masstige.pt\/contactos\/","name":"Contactos - Masstige Catering","isPartOf":{"@id":"https:\/\/masstige.pt\/#website"},"datePublished":"2021-09-16T15:22:26+00:00","dateModified":"2025-11-19T22:36:18+00:00","description":"Entre em contacto com a Masstige Catering. Esclare\u00e7a d\u00favidas, pe\u00e7a or\u00e7amentos ou fa\u00e7a a sua encomenda para eventos ou menus festivos.","breadcrumb":{"@id":"https:\/\/masstige.pt\/contactos\/#breadcrumb"},"inLanguage":"en-GB","potentialAction":[{"@type":"ReadAction","target":["https:\/\/masstige.pt\/contactos\/"]}]},{"@type":"BreadcrumbList","@id":"https:\/\/masstige.pt\/contactos\/#breadcrumb","itemListElement":[{"@type":"ListItem","position":1,"name":"In\u00edcio","item":"https:\/\/masstige.pt\/"},{"@type":"ListItem","position":2,"name":"Contactos"}]},{"@type":"WebSite","@id":"https:\/\/masstige.pt\/#website","url":"https:\/\/masstige.pt\/","name":"Masstige Catering","description":"Eventos para todas as medidas","potentialAction":[{"@type":"SearchAction","target":{"@type":"EntryPoint","urlTemplate":"https:\/\/masstige.pt\/?s={search_term_string}"},"query-input":{"@type":"PropertyValueSpecification","valueRequired":true,"valueName":"search_term_string"}}],"inLanguage":"en-GB"}]}},"_links":{"self":[{"href":"https:\/\/masstige.pt\/en\/wp-json\/wp\/v2\/pages\/1491","targetHints":{"allow":["GET"]}}],"collection":[{"href":"https:\/\/masstige.pt\/en\/wp-json\/wp\/v2\/pages"}],"about":[{"href":"https:\/\/masstige.pt\/en\/wp-json\/wp\/v2\/types\/page"}],"author":[{"embeddable":true,"href":"https:\/\/masstige.pt\/en\/wp-json\/wp\/v2\/users\/1"}],"replies":[{"embeddable":true,"href":"https:\/\/masstige.pt\/en\/wp-json\/wp\/v2\/comments?post=1491"}],"version-history":[{"count":4,"href":"https:\/\/masstige.pt\/en\/wp-json\/wp\/v2\/pages\/1491\/revisions"}],"predecessor-version":[{"id":4189,"href":"https:\/\/masstige.pt\/en\/wp-json\/wp\/v2\/pages\/1491\/revisions\/4189"}],"wp:attachment":[{"href":"https:\/\/masstige.pt\/en\/wp-json\/wp\/v2\/media?parent=1491"}],"curies":[{"name":"wp","href":"https:\/\/api.w.org\/{rel}","templated":true}]}}