{"id":1599,"date":"2021-09-22T12:59:25","date_gmt":"2021-09-22T11:59:25","guid":{"rendered":"https:\/\/masstige.pt\/?page_id=1599"},"modified":"2025-11-19T23:53:45","modified_gmt":"2025-11-19T22:53:45","slug":"sobre-nos","status":"publish","type":"page","link":"https:\/\/masstige.pt\/en\/sobre-nos\/","title":{"rendered":"Sobre N\u00f3s"},"content":{"rendered":"<div class=\"wpb-content-wrapper\"><div class=\"vc_row wpb_row row top-row vc_custom_1632479993698 no-padding vc_row-has-fill vc_row-o-content-top vc_row-flex wpb_custom_034b39d9bc6c6b310d69e39f0ccf274f\"><div class=\"vc_column_container col-md-12 vc_custom_1632480010307\"><div class=\"wpb_wrapper vc_column-inner\"><div class=\"porto-u-heading  wpb_custom_95aa9a11c17ad45cfabaf210d84ee7cc porto-u-55ca8359258f9a412be7e73af65d2aac\"><div class=\"porto-u-main-heading\"><h2   style=\"font-weight:700;font-size:25px;line-height:50px;\">OUR HISTORY<\/h2><\/div><div class=\"porto-u-sub-heading\" style=\"color: #7a7d82;font-size:15px;line-height:27px;\">\n<p style=\"text-align: center;\"><span style=\"font-weight: 400;\">With more than 15 years<\/span><span style=\"font-weight: 400;\">of experience in all areas of gastronomy, we cater for everything from your company parties to dinners with those friends you want to impress.\u00a0 <\/span><span style=\"font-weight: 400;\">Our versatility is possible because, over the years, we have been able to adapt to the times we live in.<\/span><\/p>\n<p><\/div><style>.porto-u-55ca8359258f9a412be7e73af65d2aac.porto-u-heading{text-align:center}<\/style><\/div><div class=\"vc_empty_space\"   style=\"height: 50px\"><span class=\"vc_empty_space_inner\"><\/span><\/div><div class=\"vc_row wpb_row vc_inner row vc_custom_1632313074474 vc_row-has-fill vc_row-o-equal-height vc_row-flex\"><div class=\"vc_column_container col-md-4\"><div class=\"wpb_wrapper vc_column-inner\"><div class=\"stats-block stats-top   wpb_custom_a517333ace5b1666c6af8bd4684f1de9\"><div class=\"stats-desc\"><div id=\"counter_191501037669e114104e599\" data-id=\"counter_191501037669e114104e599\" class=\"stats-number\" style=\" font-family:&#039;Oswald&#039;;font-weight:400;font-size:36px;line-height:24px;color:#21293c;\" data-speed=\"3\" data-counter-value=\"50\" data-separator=\"none\" data-decimal=\"none\">0<\/div><div class=\"counter_suffix mycust\" style=\" font-family:&#039;Oswald&#039;;font-weight:400;font-size:36px;line-height:24px;color:#21293c\">+<\/div><div class=\"stats-text\" style=\"font-weight:600;font-size:16px;color:#7a7d82;\">Ready-made meals<\/div><\/div><\/div><\/div><\/div><div class=\"vc_column_container col-md-4\"><div class=\"wpb_wrapper vc_column-inner\"><div class=\"stats-block stats-top   wpb_custom_a517333ace5b1666c6af8bd4684f1de9\"><div class=\"stats-desc\"><div id=\"counter_44067456169e114104eb02\" data-id=\"counter_44067456169e114104eb02\" class=\"stats-number\" style=\" font-family:&#039;Oswald&#039;;font-weight:400;font-size:36px;line-height:24px;color:#21293c;\" data-speed=\"3\" data-counter-value=\"150\" data-separator=\"none\" data-decimal=\"none\">0<\/div><div class=\"counter_suffix mycust\" style=\" font-family:&#039;Oswald&#039;;font-weight:400;font-size:36px;line-height:24px;color:#21293c\">K+<\/div><div class=\"stats-text\" style=\"font-weight:600;font-size:16px;color:#7a7d82;\">Masstige Events<\/div><\/div><\/div><\/div><\/div><div class=\"vc_column_container col-md-4\"><div class=\"wpb_wrapper vc_column-inner\"><div class=\"stats-block stats-top   wpb_custom_a517333ace5b1666c6af8bd4684f1de9\"><div class=\"stats-desc\"><div id=\"counter_160702169469e114104f02d\" data-id=\"counter_160702169469e114104f02d\" class=\"stats-number\" style=\" font-family:&#039;Oswald&#039;;font-weight:400;font-size:36px;line-height:24px;color:#21293c;\" data-speed=\"3\" data-counter-value=\"250\" data-separator=\"none\" data-decimal=\"none\">0<\/div><div class=\"counter_suffix mycust\" style=\" font-family:&#039;Oswald&#039;;font-weight:400;font-size:36px;line-height:24px;color:#21293c\">K+<\/div><div class=\"stats-text\" style=\"font-weight:600;font-size:16px;color:#7a7d82;\">Kms travelled<\/div><\/div><\/div><\/div><\/div><\/div><div class=\"vc_empty_space\"   style=\"height: 50px\"><span class=\"vc_empty_space_inner\"><\/span><\/div><\/div><\/div><\/div><div class=\"vc_row wpb_row top-row vc_custom_1632480098773 porto-inner-container wpb_custom_034b39d9bc6c6b310d69e39f0ccf274f\"><div class=\"porto-wrap-container container\"><div class=\"row\"><div class=\"vc_column_container col-md-12 offset-xl-3 col-xl-6 offset-lg-1 col-lg-10\"><div class=\"wpb_wrapper vc_column-inner\"><div class=\"porto-process mb-0 wpb_custom_aa84c36a6a947f6099708744f0f74b68\"><div class=\"process-step wpb_custom_e03dc5a8a169bfdfccbaed44883810c3\" data-appear-animation=\"fadeInUp\" data-appear-animation-delay=\"200\"><div class=\"process-step-circle\"><strong class=\"process-step-circle-content\">2006<\/strong><\/div><div class=\"process-step-content\"><h4 class=\"step-item-title\" style=\"color:#212529\">The grand opening.<\/h4><div class=\"process-step-desc\"><span style=\"font-weight: 400;\">We opened the first Masstige on one of Lisbon's main thoroughfares, Avenidas Novas. The idea was simple, as all good ideas are. Meals with a dash of creativity, accompanied by the best music. We had Belle and Sebastian playing softly in the background, so that customers could chat at ease. <\/span><\/div><\/div><\/div><div class=\"process-step wpb_custom_e03dc5a8a169bfdfccbaed44883810c3\" data-appear-animation=\"fadeInUp\" data-appear-animation-delay=\"400\"><div class=\"process-step-circle\"><strong class=\"process-step-circle-content\">2008<\/strong><\/div><div class=\"process-step-content\"><h4 class=\"step-item-title\" style=\"color:#212529\">The first branches.<\/h4><div class=\"process-step-desc\"><span style=\"font-weight: 400;\">Masstige has gained a reputation for hospitality.  Therefore, we took advantage of this and accepted invitations to organise events and soir\u00e9es. This is how Masstige Catering and Events was born. <\/span><\/div><\/div><\/div><div class=\"process-step wpb_custom_e03dc5a8a169bfdfccbaed44883810c3\" data-appear-animation=\"fadeInUp\" data-appear-animation-delay=\"600\"><div class=\"process-step-circle\"><strong class=\"process-step-circle-content\">2009<\/strong><\/div><div class=\"process-step-content\"><h4 class=\"step-item-title\" style=\"color:#212529\">It is a three-year journey from Lisbon to the Algarve.<\/h4><div class=\"process-step-desc\"><span style=\"font-weight: 400;\">We headed to the Algarve. Our first expansion was in the village of Sagres.\u00a0<\/span><\/div><\/div><\/div><div class=\"process-step wpb_custom_e03dc5a8a169bfdfccbaed44883810c3\" data-appear-animation=\"fadeInUp\" data-appear-animation-delay=\"600\"><div class=\"process-step-circle\"><strong class=\"process-step-circle-content\">2010<\/strong><\/div><div class=\"process-step-content\"><h4 class=\"step-item-title\" style=\"color:#212529\">Here we go.<\/h4><div class=\"process-step-desc\"><span style=\"font-weight: 400;\">We enjoyed the smell of the sea so much that in 2010 we moved to our own little spot by the beach. The Masstige Praia Restaurant-Bar, on the Costa da Caparica. <\/span><\/div><\/div><\/div><div class=\"process-step wpb_custom_e03dc5a8a169bfdfccbaed44883810c3\" data-appear-animation=\"fadeInUp\" data-appear-animation-delay=\"600\"><div class=\"process-step-circle\"><strong class=\"process-step-circle-content\">2011<\/strong><\/div><div class=\"process-step-content\"><h4 class=\"step-item-title\" style=\"color:#212529\">One month Downtown.<\/h4><div class=\"process-step-desc\"><span style=\"font-weight: 400;\">October was special. We were invited to spend a month at Experimenta Design, in the heart of downtown Lisbon. More than 15,000 people visited the venue. That's at least 500 people per day.\u00a0<\/span><\/div><\/div><\/div><div class=\"process-step wpb_custom_e03dc5a8a169bfdfccbaed44883810c3\" data-appear-animation=\"fadeInUp\" data-appear-animation-delay=\"600\"><div class=\"process-step-circle\"><strong class=\"process-step-circle-content\">2014<\/strong><\/div><div class=\"process-step-content\"><h4 class=\"step-item-title\" style=\"color:#212529\">The future is now.<\/h4><div class=\"process-step-desc\"><span style=\"font-weight: 400;\">With everything in place, in 2014 we began to think about the future and launched our catering and home delivery service: Masstige Delivery. <\/span><\/div><\/div><\/div><div class=\"process-step wpb_custom_e03dc5a8a169bfdfccbaed44883810c3\" data-appear-animation=\"fadeInUp\" data-appear-animation-delay=\"600\"><div class=\"process-step-circle\"><strong class=\"process-step-circle-content\">2017<\/strong><\/div><div class=\"process-step-content\"><h4 class=\"step-item-title\" style=\"color:#212529\">The Return of Masstige.<\/h4><div class=\"process-step-desc\"><span style=\"font-weight: 400;\">We returned to where we had been very happy and opened a new Masstige on the new avenues. This time with a garden where everyone was welcome. <\/span><\/div><\/div><\/div><div class=\"process-step wpb_custom_e03dc5a8a169bfdfccbaed44883810c3\" data-appear-animation=\"fadeInUp\" data-appear-animation-delay=\"600\"><div class=\"process-step-circle\"><strong class=\"process-step-circle-content\">2019<\/strong><\/div><div class=\"process-step-content\"><h4 class=\"step-item-title\" style=\"color:#212529\">Take me away.<\/h4><div class=\"process-step-desc\"><span style=\"font-weight: 400;\">Our strategic wait began to bear fruit. With the market established, we created Masstige Take Me with ready-made and frozen meals and a takeaway service.<\/span><\/div><\/div><\/div><div class=\"process-step wpb_custom_e03dc5a8a169bfdfccbaed44883810c3\" data-appear-animation=\"fadeInUp\" data-appear-animation-delay=\"600\"><div class=\"process-step-circle\"><strong class=\"process-step-circle-content\">2020<\/strong><\/div><div class=\"process-step-content\"><h4 class=\"step-item-title\" style=\"color:#212529\">The first year of the rest of our lives.<\/h4><div class=\"process-step-desc\"><span style=\"font-weight: 400;\">In 2020, like all retailers, our lives were turned upside down. Thanks to COVID, we were forced to completely overhaul our business model. However, we are ready for whatever comes our way. With the experience we have gained with Masstige delivery, we have been able to adapt to the times by bringing our customers the best ready-made meals to their homes.<\/span><\/div><\/div><\/div><div class=\"process-step wpb_custom_e03dc5a8a169bfdfccbaed44883810c3\" data-appear-animation=\"fadeInUp\" data-appear-animation-delay=\"600\"><div class=\"process-step-circle\"><strong class=\"process-step-circle-content\">2021<\/strong><\/div><div class=\"process-step-content\"><h4 class=\"step-item-title\" style=\"color:#212529\">Masstige is on(line).<\/h4><div class=\"process-step-desc\"><span style=\"font-weight: 400;\">In 2021, after part of the storm had passed, we came back stronger than ever. With a new website, more tailored to our customers' needs, and with a well-oiled catering and delivery service to bring our ready-made meals to every table.\u00a0<\/span><\/p>\n<p><\/div><\/div><\/div><\/div><\/div><\/div><\/div><\/div><\/div>\n<\/div>","protected":false},"excerpt":{"rendered":"A NOSSA HIST\u00d3RIA Com mais de 15 anos de experi\u00eancia em todas as vertentes da gastronomia, servimos desde as festas da sua empresa a jantares com aqueles amigos que quer impressionar.\u00a0 Esta nossa versatilidade \u00e9 poss\u00edvel porque, ao longo dos anos, soubemos adaptar-nos aos tempos vividos. 0+Refei\u00e7\u00f5es quase-feitas0K+Eventos Masstige0K+Quil\u00f3metros feitos2006A grande abertura.Abrimos o primeiro Masstige [...]","protected":false},"author":1,"featured_media":0,"parent":0,"menu_order":0,"comment_status":"closed","ping_status":"closed","template":"","meta":{"footnotes":""},"class_list":["post-1599","page","type-page","status-publish","hentry"],"yoast_head":"<!-- This site is optimized with the Yoast SEO plugin v27.0 - https:\/\/yoast.com\/product\/yoast-seo-wordpress\/ -->\n<title>Sobre N\u00f3s - Masstige Catering<\/title>\n<meta name=\"description\" content=\"Descubra o Masstige, empresa de catering em Lisboa dedicada a criar experi\u00eancias gastron\u00f3micas memor\u00e1veis para eventos, fam\u00edlias e empresas.\" \/>\n<meta name=\"robots\" content=\"index, follow, max-snippet:-1, max-image-preview:large, max-video-preview:-1\" \/>\n<link rel=\"canonical\" href=\"https:\/\/masstige.pt\/en\/sobre-nos\/\" \/>\n<meta property=\"og:locale\" content=\"en_GB\" \/>\n<meta property=\"og:type\" content=\"article\" \/>\n<meta property=\"og:title\" content=\"Sobre N\u00f3s - Masstige Catering\" \/>\n<meta property=\"og:description\" content=\"Descubra o Masstige, empresa de catering em Lisboa dedicada a criar experi\u00eancias gastron\u00f3micas memor\u00e1veis para eventos, fam\u00edlias e empresas.\" \/>\n<meta property=\"og:url\" content=\"https:\/\/masstige.pt\/en\/sobre-nos\/\" \/>\n<meta property=\"og:site_name\" content=\"Masstige Catering\" \/>\n<meta property=\"article:modified_time\" content=\"2025-11-19T22:53:45+00:00\" \/>\n<meta name=\"twitter:card\" content=\"summary_large_image\" \/>\n<meta name=\"twitter:label1\" content=\"Estimated reading time\" \/>\n\t<meta name=\"twitter:data1\" content=\"4 minutes\" \/>\n<script type=\"application\/ld+json\" class=\"yoast-schema-graph\">{\"@context\":\"https:\/\/schema.org\",\"@graph\":[{\"@type\":\"WebPage\",\"@id\":\"https:\/\/masstige.pt\/sobre-nos\/\",\"url\":\"https:\/\/masstige.pt\/sobre-nos\/\",\"name\":\"Sobre N\u00f3s - Masstige Catering\",\"isPartOf\":{\"@id\":\"https:\/\/masstige.pt\/#website\"},\"datePublished\":\"2021-09-22T11:59:25+00:00\",\"dateModified\":\"2025-11-19T22:53:45+00:00\",\"description\":\"Descubra o Masstige, empresa de catering em Lisboa dedicada a criar experi\u00eancias gastron\u00f3micas memor\u00e1veis para eventos, fam\u00edlias e empresas.\",\"breadcrumb\":{\"@id\":\"https:\/\/masstige.pt\/sobre-nos\/#breadcrumb\"},\"inLanguage\":\"en-GB\",\"potentialAction\":[{\"@type\":\"ReadAction\",\"target\":[\"https:\/\/masstige.pt\/sobre-nos\/\"]}]},{\"@type\":\"BreadcrumbList\",\"@id\":\"https:\/\/masstige.pt\/sobre-nos\/#breadcrumb\",\"itemListElement\":[{\"@type\":\"ListItem\",\"position\":1,\"name\":\"In\u00edcio\",\"item\":\"https:\/\/masstige.pt\/\"},{\"@type\":\"ListItem\",\"position\":2,\"name\":\"Sobre N\u00f3s\"}]},{\"@type\":\"WebSite\",\"@id\":\"https:\/\/masstige.pt\/#website\",\"url\":\"https:\/\/masstige.pt\/\",\"name\":\"Masstige Catering\",\"description\":\"Eventos para todas as medidas\",\"potentialAction\":[{\"@type\":\"SearchAction\",\"target\":{\"@type\":\"EntryPoint\",\"urlTemplate\":\"https:\/\/masstige.pt\/?s={search_term_string}\"},\"query-input\":{\"@type\":\"PropertyValueSpecification\",\"valueRequired\":true,\"valueName\":\"search_term_string\"}}],\"inLanguage\":\"en-GB\"}]}<\/script>\n<!-- \/ Yoast SEO plugin. -->","yoast_head_json":{"title":"Sobre N\u00f3s - Masstige Catering","description":"Descubra o Masstige, empresa de catering em Lisboa dedicada a criar experi\u00eancias gastron\u00f3micas memor\u00e1veis para eventos, fam\u00edlias e empresas.","robots":{"index":"index","follow":"follow","max-snippet":"max-snippet:-1","max-image-preview":"max-image-preview:large","max-video-preview":"max-video-preview:-1"},"canonical":"https:\/\/masstige.pt\/en\/sobre-nos\/","og_locale":"en_GB","og_type":"article","og_title":"Sobre N\u00f3s - Masstige Catering","og_description":"Descubra o Masstige, empresa de catering em Lisboa dedicada a criar experi\u00eancias gastron\u00f3micas memor\u00e1veis para eventos, fam\u00edlias e empresas.","og_url":"https:\/\/masstige.pt\/en\/sobre-nos\/","og_site_name":"Masstige Catering","article_modified_time":"2025-11-19T22:53:45+00:00","twitter_card":"summary_large_image","twitter_misc":{"Estimated reading time":"4 minutes"},"schema":{"@context":"https:\/\/schema.org","@graph":[{"@type":"WebPage","@id":"https:\/\/masstige.pt\/sobre-nos\/","url":"https:\/\/masstige.pt\/sobre-nos\/","name":"Sobre N\u00f3s - Masstige Catering","isPartOf":{"@id":"https:\/\/masstige.pt\/#website"},"datePublished":"2021-09-22T11:59:25+00:00","dateModified":"2025-11-19T22:53:45+00:00","description":"Descubra o Masstige, empresa de catering em Lisboa dedicada a criar experi\u00eancias gastron\u00f3micas memor\u00e1veis para eventos, fam\u00edlias e empresas.","breadcrumb":{"@id":"https:\/\/masstige.pt\/sobre-nos\/#breadcrumb"},"inLanguage":"en-GB","potentialAction":[{"@type":"ReadAction","target":["https:\/\/masstige.pt\/sobre-nos\/"]}]},{"@type":"BreadcrumbList","@id":"https:\/\/masstige.pt\/sobre-nos\/#breadcrumb","itemListElement":[{"@type":"ListItem","position":1,"name":"In\u00edcio","item":"https:\/\/masstige.pt\/"},{"@type":"ListItem","position":2,"name":"Sobre N\u00f3s"}]},{"@type":"WebSite","@id":"https:\/\/masstige.pt\/#website","url":"https:\/\/masstige.pt\/","name":"Masstige Catering","description":"Eventos para todas as medidas","potentialAction":[{"@type":"SearchAction","target":{"@type":"EntryPoint","urlTemplate":"https:\/\/masstige.pt\/?s={search_term_string}"},"query-input":{"@type":"PropertyValueSpecification","valueRequired":true,"valueName":"search_term_string"}}],"inLanguage":"en-GB"}]}},"_links":{"self":[{"href":"https:\/\/masstige.pt\/en\/wp-json\/wp\/v2\/pages\/1599","targetHints":{"allow":["GET"]}}],"collection":[{"href":"https:\/\/masstige.pt\/en\/wp-json\/wp\/v2\/pages"}],"about":[{"href":"https:\/\/masstige.pt\/en\/wp-json\/wp\/v2\/types\/page"}],"author":[{"embeddable":true,"href":"https:\/\/masstige.pt\/en\/wp-json\/wp\/v2\/users\/1"}],"replies":[{"embeddable":true,"href":"https:\/\/masstige.pt\/en\/wp-json\/wp\/v2\/comments?post=1599"}],"version-history":[{"count":1,"href":"https:\/\/masstige.pt\/en\/wp-json\/wp\/v2\/pages\/1599\/revisions"}],"predecessor-version":[{"id":4194,"href":"https:\/\/masstige.pt\/en\/wp-json\/wp\/v2\/pages\/1599\/revisions\/4194"}],"wp:attachment":[{"href":"https:\/\/masstige.pt\/en\/wp-json\/wp\/v2\/media?parent=1599"}],"curies":[{"name":"wp","href":"https:\/\/api.w.org\/{rel}","templated":true}]}}