{"id":1762,"date":"2021-09-27T11:19:16","date_gmt":"2021-09-27T10:19:16","guid":{"rendered":"https:\/\/masstige.pt\/?page_id=1762"},"modified":"2025-11-19T23:43:57","modified_gmt":"2025-11-19T22:43:57","slug":"pedir-orcamento","status":"publish","type":"page","link":"https:\/\/masstige.pt\/en\/pedir-orcamento\/","title":{"rendered":"Request Quote"},"content":{"rendered":"<div class=\"wpb-content-wrapper\"><div class=\"vc_row wpb_row row top-row vc_custom_1763471285239 no-padding vc_row-has-fill wpb_custom_034b39d9bc6c6b310d69e39f0ccf274f\"><div class=\"vc_column_container col-md-12\"><div class=\"wpb_wrapper vc_column-inner\"><div class=\"porto-container container position-relative z-index-2 mt-3 mb-5\"><h3 style=\"font-size: 1.2em;line-height: 42px;font-weight:500;letter-spacing:2.5px\" class=\"vc_custom_heading vc_do_custom_heading wpb_custom_aa365bd5046e8294520b4e73732b9d15 align-left heading-primary\" >REQUEST YOUR QUOTE NOW<\/h3><h2 style=\"font-size: 2.5em;line-height: 1.2;font-weight:700\" class=\"vc_custom_heading vc_do_custom_heading wpb_custom_aa365bd5046e8294520b4e73732b9d15 align-left\" >What type of event do you wish to organise?<\/h2><div class=\"vc_empty_space\"   style=\"height: 20px\"><span class=\"vc_empty_space_inner\"><\/span><\/div>\n<div class=\"wpcf7 no-js\" id=\"wpcf7-f3971-o1\" lang=\"pt-PT\" dir=\"ltr\" data-wpcf7-id=\"3971\">\n<div class=\"screen-reader-response\"><p role=\"status\" aria-live=\"polite\" aria-atomic=\"true\"><\/p> <ul><\/ul><\/div>\n<form action=\"\/en\/wp-json\/wp\/v2\/pages\/1762#wpcf7-f3971-o1\" method=\"post\" class=\"wpcf7-form init\" aria-label=\"Formul\u00e1rio de contacto\" novalidate=\"novalidate\" data-status=\"init\" data-trp-original-action=\"\/en\/wp-json\/wp\/v2\/pages\/1762#wpcf7-f3971-o1\">\n<fieldset class=\"hidden-fields-container\"><input type=\"hidden\" name=\"_wpcf7\" value=\"3971\" \/><input type=\"hidden\" name=\"_wpcf7_version\" value=\"6.1.5\" \/><input type=\"hidden\" name=\"_wpcf7_locale\" value=\"pt_PT\" \/><input type=\"hidden\" name=\"_wpcf7_unit_tag\" value=\"wpcf7-f3971-o1\" \/><input type=\"hidden\" name=\"_wpcf7_container_post\" value=\"0\" \/><input type=\"hidden\" name=\"_wpcf7_posted_data_hash\" value=\"\" \/><input type=\"hidden\" name=\"_wpcf7_recaptcha_response\" value=\"\" \/>\n<\/fieldset>\n<div class=\"form-group\">\n<label> Type of Customer* <span class=\"wpcf7-form-control-wrap\" data-name=\"checkbox-268\"><span class=\"wpcf7-form-control wpcf7-checkbox wpcf7-validates-as-required\"><span class=\"wpcf7-list-item first\"><label><input type=\"checkbox\" name=\"checkbox-268[]\" value=\"Particular\" \/><span class=\"wpcf7-list-item-label\">Private<\/span><\/label><\/span><span class=\"wpcf7-list-item last\"><label><input type=\"checkbox\" name=\"checkbox-268[]\" value=\"Empresa\" \/><span class=\"wpcf7-list-item-label\">Company<\/span><\/label><\/span><\/span><\/span>  <\/div>\n\n<div class=\"row m-r-n-sm m-l-n-sm\">\n  <div class=\"form-group col-lg-6 p-l-sm p-r-sm\">\n\n  <span class=\"wpcf7-form-control-wrap\" data-name=\"your-name\"><input size=\"40\" maxlength=\"400\" class=\"wpcf7-form-control wpcf7-text wpcf7-validates-as-required form-control\" aria-required=\"true\" aria-invalid=\"false\" placeholder=\"Name*\" value=\"\" type=\"text\" name=\"your-name\" \/><\/span>\n  <\/div>\n  <div class=\"form-group col-lg-6 p-l-sm p-r-sm\">\n  <span class=\"wpcf7-form-control-wrap\" data-name=\"your-phone\"><input size=\"40\" maxlength=\"400\" class=\"wpcf7-form-control wpcf7-text wpcf7-validates-as-required form-control\" aria-required=\"true\" aria-invalid=\"false\" placeholder=\"Telephone*\" value=\"\" type=\"text\" name=\"your-phone\" \/><\/span>\n  <\/div>\n<\/div>\n\n<div class=\"row m-r-n-sm m-l-n-sm\">\n    <div class=\"form-group col-lg-6 p-l-sm p-r-sm\">\n   <span class=\"wpcf7-form-control-wrap\" data-name=\"your-email\"><input size=\"40\" maxlength=\"400\" class=\"wpcf7-form-control wpcf7-text wpcf7-validates-as-required form-control\" aria-required=\"true\" aria-invalid=\"false\" placeholder=\"Email*\" value=\"\" type=\"text\" name=\"your-email\" \/><\/span>\n  <\/div>\n <div class=\"form-group col-lg-6 p-l-sm p-r-sm\">\n <span class=\"wpcf7-form-control-wrap\" data-name=\"Evento\"><select class=\"wpcf7-form-control wpcf7-select wpcf7-validates-as-required form-control\" aria-required=\"true\" aria-invalid=\"false\" name=\"Evento\"><option value=\"Anivers\u00e1rio\">Birthday<\/option><option value=\"Baptizado\">Christening<\/option><option value=\"Pequeno-Almo\u00e7o\">Breakfast<\/option><option value=\"Almo\u00e7o ou Jantar\">Lunch or Dinner<\/option><option value=\"Festas em Casa\">Home Party<\/option><option value=\"Babyshower\">Babyshower<\/option><option value=\"Despedidas de Solteiro\">Bachelor Party<\/option><option value=\"Cocktail\">Cocktail<\/option><option value=\"Evento Corporativo\">Corporate Event<\/option><option value=\"Coffee Break\">Coffee Break<\/option><option value=\"Welcome Drink\">Welcome Drink<\/option><option value=\"Outro tipo de Evento\">Other type of event<\/option><\/select><\/span>\n  <\/div>\n<\/div>\n\n<div class=\"row m-r-n-sm m-l-n-sm\">\n  <div class=\"form-group col-lg-6 p-l-sm p-r-sm\">\n<span class=\"wpcf7-form-control-wrap\" data-name=\"date-897\"><input class=\"wpcf7-form-control wpcf7-date wpcf7-validates-as-required wpcf7-validates-as-date form-control\" aria-required=\"true\" aria-invalid=\"false\" placeholder=\"Data\" value=\"\" type=\"date\" name=\"date-897\" \/><\/span>\n  <\/div>\n  <div class=\"form-group col-lg-6 p-l-sm p-r-sm\">\n <span class=\"wpcf7-form-control-wrap\" data-name=\"Horas\"><input size=\"40\" maxlength=\"400\" class=\"wpcf7-form-control wpcf7-text wpcf7-validates-as-required form-control\" aria-required=\"true\" aria-invalid=\"false\" placeholder=\"Hours of Service*\" value=\"\" type=\"text\" name=\"Horas\" \/><\/span>\n<\/div>\n<\/div>\n\n<div class=\"row m-r-n-sm m-l-n-sm\">\n    <div class=\"form-group col-lg-6 p-l-sm p-r-sm\">\n   <span class=\"wpcf7-form-control-wrap\" data-name=\"Local\"><input size=\"40\" maxlength=\"400\" class=\"wpcf7-form-control wpcf7-text wpcf7-validates-as-required form-control\" aria-required=\"true\" aria-invalid=\"false\" placeholder=\"Location*\" value=\"\" type=\"text\" name=\"Local\" \/><\/span>\n  <\/div>\n <div class=\"form-group col-lg-6 p-l-sm p-r-sm\">\n<span class=\"wpcf7-form-control-wrap\" data-name=\"NdePessoas\"><select class=\"wpcf7-form-control wpcf7-select wpcf7-validates-as-required form-control\" aria-required=\"true\" aria-invalid=\"false\" name=\"NdePessoas\"><option value=\"Mais de 50 pessoas\">More than 50 people<\/option><option value=\"Mais de 150 pessoas\">More than 150 people<\/option><option value=\"Mais de 300 pessoas\">More than 300 people<\/option><\/select><\/span>\n  <\/div>\n<\/div>\n\n<div class=\"form-group\">\n<label> Service to be hired* <span class=\"wpcf7-form-control-wrap\" data-name=\"checkbox-537\"><span class=\"wpcf7-form-control wpcf7-checkbox wpcf7-validates-as-required\"><span class=\"wpcf7-list-item first\"><label><input type=\"checkbox\" name=\"checkbox-537[]\" value=\"Completo\" \/><span class=\"wpcf7-list-item-label\">Full<\/span><\/label><\/span><span class=\"wpcf7-list-item\"><label><input type=\"checkbox\" name=\"checkbox-537[]\" value=\"Refei\u00e7\u00e3o\" \/><span class=\"wpcf7-list-item-label\">Meal<\/span><\/label><\/span><span class=\"wpcf7-list-item\"><label><input type=\"checkbox\" name=\"checkbox-537[]\" value=\"Staff\" \/><span class=\"wpcf7-list-item-label\">Staff<\/span><\/label><\/span><span class=\"wpcf7-list-item\"><label><input type=\"checkbox\" name=\"checkbox-537[]\" value=\"Bebidas\" \/><span class=\"wpcf7-list-item-label\">Drinks<\/span><\/label><\/span><span class=\"wpcf7-list-item last\"><label><input type=\"checkbox\" name=\"checkbox-537[]\" value=\"Outro\" \/><span class=\"wpcf7-list-item-label\">Other<\/span><\/label><\/span><\/span><\/span>  <\/div>\n\n<div class=\"form-group\">\n  <span class=\"wpcf7-form-control-wrap\" data-name=\"your-message\"><textarea cols=\"40\" rows=\"12\" maxlength=\"2000\" class=\"wpcf7-form-control wpcf7-textarea wpcf7-validates-as-required form-control\" aria-required=\"true\" aria-invalid=\"false\" placeholder=\"Observations\" name=\"your-message\"><\/textarea><\/span>\n<\/div>\n\n<span class=\"wpcf7-form-control-wrap\" data-name=\"privacy-policy\"><span class=\"wpcf7-form-control wpcf7-acceptance\"><span class=\"wpcf7-list-item\"><label><input type=\"checkbox\" name=\"privacy-policy\" value=\"1\" aria-invalid=\"false\" \/><span class=\"wpcf7-list-item-label\">I authorise the processing of the personal data contained in this form for the purpose of clarifying questions and\/or requests for quotes from the Masstige Catering service.<\/span><\/label><\/span><\/span><\/span>\n<br>*required field\n<div class=\"form-group\">\n  <input class=\"wpcf7-form-control wpcf7-submit has-spinner btn btn-borders btn-lg btn-primary\" type=\"submit\" value=\"Send\" \/>\n<\/div><div class=\"wpcf7-response-output\" aria-hidden=\"true\"><\/div>\n<input type=\"hidden\" name=\"trp-form-language\" value=\"en\"\/><\/form>\n<\/div>\n<\/div><\/div><\/div><\/div>\n<\/div>","protected":false},"excerpt":{"rendered":"PE\u00c7A J\u00c1 O SEU OR\u00c7AMENTOQue tipo de evento pretende organizar? Tipo de Cliente* ParticularEmpresa Anivers\u00e1rioBaptizadoPequeno-Almo\u00e7oAlmo\u00e7o ou JantarFestas em CasaBabyshowerDespedidas de SolteiroCocktailEvento CorporativoCoffee BreakWelcome DrinkOutro tipo de Evento Mais de 50 pessoasMais de 150 pessoasMais de 300 pessoas Servico a Contratar* CompletoRefei\u00e7\u00e3oStaffBebidasOutro Autorizo o tratamento dos dados pessoais constantes do presente formul\u00e1rio para efeitos de esclarecimento [...]","protected":false},"author":1,"featured_media":0,"parent":0,"menu_order":0,"comment_status":"closed","ping_status":"closed","template":"","meta":{"footnotes":""},"class_list":["post-1762","page","type-page","status-publish","hentry"],"yoast_head":"<!-- This site is optimized with the Yoast SEO plugin v27.5 - https:\/\/yoast.com\/product\/yoast-seo-wordpress\/ -->\n<title>Pedir Or\u00e7amento - Masstige Catering<\/title>\n<meta name=\"description\" content=\"Pe\u00e7a o seu or\u00e7amento de catering personalizado em minutos. O Masstige cria menus \u00e0 medida para eventos, empresas e ocasi\u00f5es especiais.\" \/>\n<meta name=\"robots\" content=\"index, follow, max-snippet:-1, max-image-preview:large, max-video-preview:-1\" \/>\n<link rel=\"canonical\" href=\"https:\/\/masstige.pt\/en\/pedir-orcamento\/\" \/>\n<meta property=\"og:locale\" content=\"en_GB\" \/>\n<meta property=\"og:type\" content=\"article\" \/>\n<meta property=\"og:title\" content=\"Pedir Or\u00e7amento - Masstige Catering\" \/>\n<meta property=\"og:description\" content=\"Pe\u00e7a o seu or\u00e7amento de catering personalizado em minutos. O Masstige cria menus \u00e0 medida para eventos, empresas e ocasi\u00f5es especiais.\" \/>\n<meta property=\"og:url\" content=\"https:\/\/masstige.pt\/en\/pedir-orcamento\/\" \/>\n<meta property=\"og:site_name\" content=\"Masstige Catering\" \/>\n<meta property=\"article:modified_time\" content=\"2025-11-19T22:43:57+00:00\" \/>\n<meta name=\"twitter:card\" content=\"summary_large_image\" \/>\n<meta name=\"twitter:label1\" content=\"Estimated reading time\" \/>\n\t<meta name=\"twitter:data1\" content=\"1 minute\" \/>\n<script type=\"application\/ld+json\" class=\"yoast-schema-graph\">{\"@context\":\"https:\\\/\\\/schema.org\",\"@graph\":[{\"@type\":\"WebPage\",\"@id\":\"https:\\\/\\\/masstige.pt\\\/pedir-orcamento\\\/\",\"url\":\"https:\\\/\\\/masstige.pt\\\/pedir-orcamento\\\/\",\"name\":\"Pedir Or\u00e7amento - Masstige Catering\",\"isPartOf\":{\"@id\":\"https:\\\/\\\/masstige.pt\\\/#website\"},\"datePublished\":\"2021-09-27T10:19:16+00:00\",\"dateModified\":\"2025-11-19T22:43:57+00:00\",\"description\":\"Pe\u00e7a o seu or\u00e7amento de catering personalizado em minutos. O Masstige cria menus \u00e0 medida para eventos, empresas e ocasi\u00f5es especiais.\",\"breadcrumb\":{\"@id\":\"https:\\\/\\\/masstige.pt\\\/pedir-orcamento\\\/#breadcrumb\"},\"inLanguage\":\"en-GB\",\"potentialAction\":[{\"@type\":\"ReadAction\",\"target\":[\"https:\\\/\\\/masstige.pt\\\/pedir-orcamento\\\/\"]}]},{\"@type\":\"BreadcrumbList\",\"@id\":\"https:\\\/\\\/masstige.pt\\\/pedir-orcamento\\\/#breadcrumb\",\"itemListElement\":[{\"@type\":\"ListItem\",\"position\":1,\"name\":\"In\u00edcio\",\"item\":\"https:\\\/\\\/masstige.pt\\\/\"},{\"@type\":\"ListItem\",\"position\":2,\"name\":\"Pedir Or\u00e7amento\"}]},{\"@type\":\"WebSite\",\"@id\":\"https:\\\/\\\/masstige.pt\\\/#website\",\"url\":\"https:\\\/\\\/masstige.pt\\\/\",\"name\":\"Masstige Catering\",\"description\":\"Eventos para todas as medidas\",\"potentialAction\":[{\"@type\":\"SearchAction\",\"target\":{\"@type\":\"EntryPoint\",\"urlTemplate\":\"https:\\\/\\\/masstige.pt\\\/?s={search_term_string}\"},\"query-input\":{\"@type\":\"PropertyValueSpecification\",\"valueRequired\":true,\"valueName\":\"search_term_string\"}}],\"inLanguage\":\"en-GB\"}]}<\/script>\n<!-- \/ Yoast SEO plugin. -->","yoast_head_json":{"title":"Pedir Or\u00e7amento - Masstige Catering","description":"Pe\u00e7a o seu or\u00e7amento de catering personalizado em minutos. O Masstige cria menus \u00e0 medida para eventos, empresas e ocasi\u00f5es especiais.","robots":{"index":"index","follow":"follow","max-snippet":"max-snippet:-1","max-image-preview":"max-image-preview:large","max-video-preview":"max-video-preview:-1"},"canonical":"https:\/\/masstige.pt\/en\/pedir-orcamento\/","og_locale":"en_GB","og_type":"article","og_title":"Pedir Or\u00e7amento - Masstige Catering","og_description":"Pe\u00e7a o seu or\u00e7amento de catering personalizado em minutos. O Masstige cria menus \u00e0 medida para eventos, empresas e ocasi\u00f5es especiais.","og_url":"https:\/\/masstige.pt\/en\/pedir-orcamento\/","og_site_name":"Masstige Catering","article_modified_time":"2025-11-19T22:43:57+00:00","twitter_card":"summary_large_image","twitter_misc":{"Estimated reading time":"1 minute"},"schema":{"@context":"https:\/\/schema.org","@graph":[{"@type":"WebPage","@id":"https:\/\/masstige.pt\/pedir-orcamento\/","url":"https:\/\/masstige.pt\/pedir-orcamento\/","name":"Pedir Or\u00e7amento - Masstige Catering","isPartOf":{"@id":"https:\/\/masstige.pt\/#website"},"datePublished":"2021-09-27T10:19:16+00:00","dateModified":"2025-11-19T22:43:57+00:00","description":"Pe\u00e7a o seu or\u00e7amento de catering personalizado em minutos. O Masstige cria menus \u00e0 medida para eventos, empresas e ocasi\u00f5es especiais.","breadcrumb":{"@id":"https:\/\/masstige.pt\/pedir-orcamento\/#breadcrumb"},"inLanguage":"en-GB","potentialAction":[{"@type":"ReadAction","target":["https:\/\/masstige.pt\/pedir-orcamento\/"]}]},{"@type":"BreadcrumbList","@id":"https:\/\/masstige.pt\/pedir-orcamento\/#breadcrumb","itemListElement":[{"@type":"ListItem","position":1,"name":"In\u00edcio","item":"https:\/\/masstige.pt\/"},{"@type":"ListItem","position":2,"name":"Pedir Or\u00e7amento"}]},{"@type":"WebSite","@id":"https:\/\/masstige.pt\/#website","url":"https:\/\/masstige.pt\/","name":"Masstige Catering","description":"Eventos para todas as medidas","potentialAction":[{"@type":"SearchAction","target":{"@type":"EntryPoint","urlTemplate":"https:\/\/masstige.pt\/?s={search_term_string}"},"query-input":{"@type":"PropertyValueSpecification","valueRequired":true,"valueName":"search_term_string"}}],"inLanguage":"en-GB"}]}},"_links":{"self":[{"href":"https:\/\/masstige.pt\/en\/wp-json\/wp\/v2\/pages\/1762","targetHints":{"allow":["GET"]}}],"collection":[{"href":"https:\/\/masstige.pt\/en\/wp-json\/wp\/v2\/pages"}],"about":[{"href":"https:\/\/masstige.pt\/en\/wp-json\/wp\/v2\/types\/page"}],"author":[{"embeddable":true,"href":"https:\/\/masstige.pt\/en\/wp-json\/wp\/v2\/users\/1"}],"replies":[{"embeddable":true,"href":"https:\/\/masstige.pt\/en\/wp-json\/wp\/v2\/comments?post=1762"}],"version-history":[{"count":11,"href":"https:\/\/masstige.pt\/en\/wp-json\/wp\/v2\/pages\/1762\/revisions"}],"predecessor-version":[{"id":4192,"href":"https:\/\/masstige.pt\/en\/wp-json\/wp\/v2\/pages\/1762\/revisions\/4192"}],"wp:attachment":[{"href":"https:\/\/masstige.pt\/en\/wp-json\/wp\/v2\/media?parent=1762"}],"curies":[{"name":"wp","href":"https:\/\/api.w.org\/{rel}","templated":true}]}}