{"id":2,"date":"2020-07-25T10:17:56","date_gmt":"2020-07-25T10:17:56","guid":{"rendered":"https:\/\/masstige.pt\/?page_id=2"},"modified":"2025-12-26T18:30:51","modified_gmt":"2025-12-26T17:30:51","slug":"home","status":"publish","type":"page","link":"https:\/\/masstige.pt\/en\/","title":{"rendered":"Masstige"},"content":{"rendered":"<div class=\"wpb-content-wrapper\"><div class=\"vc_row wpb_row row top-row wpb_custom_034b39d9bc6c6b310d69e39f0ccf274f\"><div class=\"vc_column_container col-md-12\"><div class=\"wpb_wrapper vc_column-inner\">\n\t\t\t<!-- START Slider 3 REVOLUTION SLIDER 6.7.37 --><p class=\"rs-p-wp-fix\"><\/p>\n\t\t\t<rs-module-wrap id=\"rev_slider_11_1_wrapper\" data-source=\"gallery\" style=\"visibility:hidden;background:transparent;padding:0;margin:0px auto;margin-top:0;margin-bottom:0;\">\n\t\t\t\t<rs-module id=\"rev_slider_11_1\" style=\"\" data-version=\"6.7.37\">\n\t\t\t\t\t<rs-slides style=\"overflow: hidden; position: absolute;\">\n\t\t\t\t\t\t<rs-slide style=\"position: absolute;\" data-key=\"rs-34\" data-title=\"Slide\" data-in=\"o:0;\" data-out=\"a:false;\">\n\t\t\t\t\t\t\t<img decoding=\"async\" src=\"\/\/masstige.pt\/wp-content\/plugins\/revslider\/sr6\/assets\/assets\/dummy.png\" alt=\"\" title=\"Shout Estudio &#8211; Masstige Catering &#8211; 0050\" width=\"2160\" height=\"1441\" class=\"rev-slidebg tp-rs-img rs-lazyload\" data-lazyload=\"\/\/masstige.pt\/wp-content\/uploads\/2025\/03\/Shout-Estudio-Masstige-Catering-0050.jpg\" data-no-retina>\n<!--\n\t\t\t\t\t\t\t--><rs-layer\n\t\t\t\t\t\t\t\tid=\"slider-11-slide-34-layer-0\" \n\t\t\t\t\t\t\t\tdata-type=\"image\"\n\t\t\t\t\t\t\t\tdata-rsp_ch=\"on\"\n\t\t\t\t\t\t\t\tdata-xy=\"x:c;y:m;\"\n\t\t\t\t\t\t\t\tdata-text=\"w:normal;s:20,20,20,7;l:0,0,0,9;\"\n\t\t\t\t\t\t\t\tdata-dim=\"w:300px,300px,300px,115px;h:300px,300px,300px,115px;\"\n\t\t\t\t\t\t\t\tdata-frame_999=\"o:0;st:w;\"\n\t\t\t\t\t\t\t\tstyle=\"z-index:5;\"\n\t\t\t\t\t\t\t><img decoding=\"async\" src=\"\/\/masstige.pt\/wp-content\/plugins\/revslider\/sr6\/assets\/assets\/dummy.png\" alt=\"\" class=\"tp-rs-img rs-lazyload\" width=\"300\" height=\"300\" data-lazyload=\"\/\/masstige.pt\/wp-content\/uploads\/2025\/03\/Artboard-3-2-300x300.png\" data-no-retina> \n\t\t\t\t\t\t\t<\/rs-layer><!--\n-->\t\t\t\t\t<\/rs-slide>\n\t\t\t\t\t<\/rs-slides>\n\t\t\t\t<\/rs-module>\n\t\t\t\t<script>\n\t\t\t\t\tsetREVStartSize({c: 'rev_slider_11_1',rl:[1240,1240,1240,480],el:[800,800,800,675],gw:[1240,1240,1240,480],gh:[800,800,800,675],type:'standard',justify:'',layout:'fullwidth',mh:\"0\"});if (window.RS_MODULES!==undefined && window.RS_MODULES.modules!==undefined && window.RS_MODULES.modules[\"revslider111\"]!==undefined) {window.RS_MODULES.modules[\"revslider111\"].once = false;window.revapi11 = undefined;if (window.RS_MODULES.checkMinimal!==undefined) window.RS_MODULES.checkMinimal()}\n\t\t\t\t<\/script>\n\t\t\t<\/rs-module-wrap>\n\t\t\t<!-- END REVOLUTION SLIDER -->\n<\/div><\/div><\/div><div class=\"vc_row wpb_row top-row vc_custom_1763409333516 porto-inner-container wpb_custom_034b39d9bc6c6b310d69e39f0ccf274f\"><div class=\"porto-wrap-container container\"><div class=\"row align-items-center\"><div class=\"vc_column_container col-md-10 offset-lg-0 col-lg-7 offset-md-1\"><div class=\"wpb_wrapper vc_column-inner\"><div class=\"vc_row wpb_row vc_inner row vc_custom_1741733540000 no-padding vc_row-o-content-middle vc_row-flex\"><div class=\"position-relative z-index-2 vc_column_container col-md-5 col-5\"><div class=\"wpb_wrapper vc_column-inner\">\r\n\t<div class=\"wpb_single_image wpb_content_element vc_align_left wpb_content_element  vc_custom_1766770249361  img-mask-1 wpb_custom_81a4f7ef9830bf958462581aa01150fb\" data-appear-animation=\"zoomIn\" data-appear-animation-delay=\"500\"><div class=\"wpb_wrapper\">\r\n\t\t\t\r\n\t\t\t<div class=\"vc_single_image-wrapper   vc_box_border_grey\"><img decoding=\"async\" width=\"1080\" height=\"1350\" src=\"https:\/\/masstige.pt\/wp-content\/uploads\/2025\/12\/Post_Masstige4.png\" class=\"vc_single_image-img attachment-full\" alt=\"\" title=\"Post_Masstige4\" srcset=\"https:\/\/masstige.pt\/wp-content\/uploads\/2025\/12\/Post_Masstige4.png 1080w, https:\/\/masstige.pt\/wp-content\/uploads\/2025\/12\/Post_Masstige4-819x1024.png 819w, https:\/\/masstige.pt\/wp-content\/uploads\/2025\/12\/Post_Masstige4-768x960.png 768w, https:\/\/masstige.pt\/wp-content\/uploads\/2025\/12\/Post_Masstige4-640x800.png 640w, https:\/\/masstige.pt\/wp-content\/uploads\/2025\/12\/Post_Masstige4-400x500.png 400w\" sizes=\"(max-width: 1080px) 100vw, 1080px\" \/><\/div>\r\n\t\t<\/div>\r\n\t<\/div>\r\n<\/div><\/div><div class=\"vc_column_container col-md-7 col-7\"><div class=\"wpb_wrapper vc_column-inner\">\r\n\t<div class=\"wpb_single_image wpb_content_element vc_align_left wpb_content_element  vc_custom_1766770239588  img-mask-2 wpb_custom_81a4f7ef9830bf958462581aa01150fb\" data-appear-animation=\"zoomIn\" data-appear-animation-delay=\"200\"><div class=\"wpb_wrapper\">\r\n\t\t\t\r\n\t\t\t<div class=\"vc_single_image-wrapper   vc_box_border_grey\"><img decoding=\"async\" width=\"736\" height=\"981\" src=\"https:\/\/masstige.pt\/wp-content\/uploads\/2025\/08\/367e3701-f42e-418a-a879-c8f429541a8b.jpeg\" class=\"vc_single_image-img attachment-full\" alt=\"\" title=\"367e3701-f42e-418a-a879-c8f429541a8b\" srcset=\"https:\/\/masstige.pt\/wp-content\/uploads\/2025\/08\/367e3701-f42e-418a-a879-c8f429541a8b.jpeg 736w, https:\/\/masstige.pt\/wp-content\/uploads\/2025\/08\/367e3701-f42e-418a-a879-c8f429541a8b-640x853.jpeg 640w, https:\/\/masstige.pt\/wp-content\/uploads\/2025\/08\/367e3701-f42e-418a-a879-c8f429541a8b-400x533.jpeg 400w\" sizes=\"(max-width: 736px) 100vw, 736px\" \/><\/div>\r\n\t\t<\/div>\r\n\t<\/div>\r\n<\/div><\/div><\/div><\/div><\/div><div class=\"vc_column_container col-md-10 offset-lg-0 col-lg-5 offset-md-1 vc_custom_1741648881067\"><div class=\"wpb_wrapper vc_column-inner\"><div class=\"porto-sicon-box  vc_custom_1766770146527  wpb_custom_5d7e654aff818eb7b768244d3fe41596 style_1 top-icon\" data-appear-animation=\"fadeInUp\" data-appear-animation-delay=\"200\"><div class=\"porto-sicon-header\" style=\"margin-bottom:0px;\"><h3 class=\"porto-sicon-title\" style=\"\">MASSTIGE CATERING<\/h3><\/div> <!-- header --><\/div><!-- porto-sicon-box --><div class=\"porto-u-heading  wpb_custom_281c7cb7e25727db0241b0ec4c4a4e79 porto-u-ad87e2eaf3f9c495180fe0156ddf3eb0  vc_custom_1766770156716\" data-appear-animation=\"textEntrance\" data-appear-animation-delay=\"400\"><div class=\"porto-u-main-heading\"><h2  >Celebrar com sabor<\/h2><\/div><style>.porto-u-ad87e2eaf3f9c495180fe0156ddf3eb0.porto-u-heading{text-align:left}<\/style><\/div><p style=\"letter-spacing:-0.006em\" data-appear-animation=\"fadeInUp\" data-appear-animation-delay=\"500\" class=\"vc_custom_heading vc_do_custom_heading vc_custom_1766770162055 wpb_custom_aa365bd5046e8294520b4e73732b9d15 align-left\" >No Masstige, criamos experi\u00eancias gastron\u00f3micas pensadas para momentos especiais. Desenvolvemos servi\u00e7os de catering personalizados para casamentos, batizados e eventos privados, combinando ingredientes de qualidade, apresenta\u00e7\u00e3o cuidada e sabores que marcam pela eleg\u00e2ncia e equil\u00edbrio. Cada menu \u00e9 adaptado ao estilo do evento, ao n\u00famero de convidados e \u00e0 identidade de quem celebra.<\/p><p style=\"letter-spacing:-0.006em\" data-appear-animation=\"fadeInUp\" data-appear-animation-delay=\"600\" class=\"vc_custom_heading vc_do_custom_heading vc_custom_1766770175534 wpb_custom_aa365bd5046e8294520b4e73732b9d15 align-left\" >Seja em espa\u00e7os de evento, quintas, empresas ou resid\u00eancias particulares, o Masstige assegura um servi\u00e7o profissional, sofisticado e atento ao detalhe. Da rece\u00e7\u00e3o ao prato final, cuidamos de tudo para que possa viver o momento com tranquilidade, confian\u00e7a e sabor.<\/p><div class=\"vc_btn3-container vc_btn3-inline vc_custom_1766770204175 vc_do_btn\" >\r\n\t<a  data-appear-animation=\"fadeInUp\"  data-appear-animation-delay=\"600\" class=\"vc_btn3 vc_btn3-shape-rounded text-capitalize w-btn  wpb_custom_6687b26f39488ddbb85ddb3c1ce8e111 btn btn-modern btn-md btn-primary\" style=\"font-size:1rem; font-weight:700; padding:0.8rem 1rem;\" href=\"https:\/\/masstige.pt\/pedir-orcamento\/\" title=\"Fale Connosco\">Fale Connosco<\/a>\t<\/div>\r\n<\/div><\/div><\/div><\/div><\/div><div id=\"serv-carousel\" class=\"vc_row wpb_row row top-row vc_custom_1763409285562 wpb_custom_034b39d9bc6c6b310d69e39f0ccf274f\"><div class=\"vc_column_container col-md-12\"><div class=\"wpb_wrapper vc_column-inner\"><div class=\"porto-sicon-box  vc_custom_1763409673829  wpb_custom_9814021a10737ec4ed0a76f69d32375e style_1 top-icon\" data-appear-animation=\"fadeInUp\" data-appear-animation-delay=\"200\"><div class=\"porto-sicon-header\" style=\"margin-bottom:0px;\"><h3 class=\"porto-sicon-title\" style=\"\">Servi\u00e7os<\/h3><\/div> <!-- header --><\/div><!-- porto-sicon-box --><div class=\"porto-u-heading  wpb_custom_281c7cb7e25727db0241b0ec4c4a4e79 porto-u-55ca8359258f9a412be7e73af65d2aac  vc_custom_1763409712151\" data-appear-animation=\"textEntrance\" data-appear-animation-delay=\"400\"><div class=\"porto-u-main-heading\"><h2  >Descubra a nossa oferta<\/h2><\/div><style>.porto-u-55ca8359258f9a412be7e73af65d2aac.porto-u-heading{text-align:center}<\/style><\/div><div class=\"porto-carousel owl-carousel has-ccols has-ccols-spacing ccols-xl-2 ccols-lg-2 ccols-md-2 ccols-sm-2 ccols-1 wpb_custom_ad87bd6a82c78786bbe484eda05b2e2d\" data-plugin-options=\"{&quot;themeConfig&quot;:true,&quot;stagePadding&quot;:0,&quot;margin&quot;:30,&quot;autoplay&quot;:false,&quot;mouseDrag&quot;:true,&quot;touchDrag&quot;:true,&quot;autoplayTimeout&quot;:5000,&quot;autoplayHoverPause&quot;:false,&quot;items&quot;:2,&quot;xl&quot;:2,&quot;lg&quot;:2,&quot;md&quot;:2,&quot;sm&quot;:2,&quot;xs&quot;:1,&quot;nav&quot;:&quot;yes&quot;,&quot;dots&quot;:false,&quot;animateIn&quot;:&quot;&quot;,&quot;animateOut&quot;:&quot;&quot;,&quot;loop&quot;:&quot;yes&quot;,&quot;center&quot;:false,&quot;video&quot;:false,&quot;lazyLoad&quot;:&quot;yes&quot;,&quot;fullscreen&quot;:false}\"><div class=\"porto-image-frame \"><div class=\"thumb-info thumb-info-hide-wrapper-bg thumb-info-no-zoom thumb-info-box-shadow\"><span class=\"thumb-info-wrapper\"><img decoding=\"async\" alt=\"\" src=\"\/\/masstige.pt\/wp-content\/uploads\/2025\/08\/Shout-Estudio-Masstige-0052.jpg\" class=\"img-responsive\" width=\"2160\" height=\"1441\"><span class=\"thumb-info-title\"><span class=\"thumb-info-inner\">Grandes Eventos<em><\/em><\/span><\/span><\/span><\/div><\/div><div class=\"porto-image-frame \"><div class=\"thumb-info thumb-info-hide-wrapper-bg thumb-info-no-zoom thumb-info-box-shadow\"><span class=\"thumb-info-wrapper\"><img decoding=\"async\" alt=\"\" src=\"\/\/masstige.pt\/wp-content\/uploads\/2025\/08\/pexels-fidel-2814828-scaled.jpg\" class=\"img-responsive\" width=\"2560\" height=\"1706\"><span class=\"thumb-info-title\"><span class=\"thumb-info-inner\">Casamentos<em><\/em><\/span><\/span><\/span><\/div><\/div><div class=\"porto-image-frame \"><div class=\"thumb-info thumb-info-hide-wrapper-bg thumb-info-no-zoom thumb-info-box-shadow\"><span class=\"thumb-info-wrapper\"><img decoding=\"async\" alt=\"\" src=\"\/\/masstige.pt\/wp-content\/uploads\/2025\/03\/Shout-Estudio-Masstige-Catering-Natal-0087.jpg\" class=\"img-responsive\" width=\"2160\" height=\"1441\"><span class=\"thumb-info-title\"><span class=\"thumb-info-inner\">Jantares \/ Almo\u00e7os<em><\/em><\/span><\/span><\/span><\/div><\/div><div class=\"porto-image-frame \"><div class=\"thumb-info thumb-info-hide-wrapper-bg thumb-info-no-zoom thumb-info-box-shadow\"><span class=\"thumb-info-wrapper\"><img decoding=\"async\" alt=\"\" src=\"\/\/masstige.pt\/wp-content\/uploads\/2025\/08\/Shout-Estudio-Masstige-WSL-0006-scaled.jpg\" class=\"img-responsive\" width=\"1708\" height=\"2560\"><span class=\"thumb-info-title\"><span class=\"thumb-info-inner\">Cocktail Dinatoire<em><\/em><\/span><\/span><\/span><\/div><\/div><div class=\"porto-image-frame \"><div class=\"thumb-info thumb-info-hide-wrapper-bg thumb-info-no-zoom thumb-info-box-shadow\"><span class=\"thumb-info-wrapper\"><img decoding=\"async\" alt=\"\" src=\"\/\/masstige.pt\/wp-content\/uploads\/2025\/08\/Shout-Estudio-Masstige-0021-scaled.jpg\" class=\"img-responsive\" width=\"1708\" height=\"2560\"><span class=\"thumb-info-title\"><span class=\"thumb-info-inner\">Buffets<em><\/em><\/span><\/span><\/span><\/div><\/div><div class=\"porto-image-frame \"><div class=\"thumb-info thumb-info-hide-wrapper-bg thumb-info-no-zoom thumb-info-box-shadow\"><span class=\"thumb-info-wrapper\"><img decoding=\"async\" alt=\"\" src=\"\/\/masstige.pt\/wp-content\/uploads\/2025\/03\/018-1-scaled.jpg\" class=\"img-responsive\" width=\"1703\" height=\"2560\"><span class=\"thumb-info-title\"><span class=\"thumb-info-inner\">Coffee Break<em><\/em><\/span><\/span><\/span><\/div><\/div><div class=\"porto-image-frame \"><div class=\"thumb-info thumb-info-hide-wrapper-bg thumb-info-no-zoom thumb-info-box-shadow\"><span class=\"thumb-info-wrapper\"><img decoding=\"async\" alt=\"\" src=\"\/\/masstige.pt\/wp-content\/uploads\/2025\/03\/PZM_1774-scaled.jpg\" class=\"img-responsive\" width=\"1703\" height=\"2560\"><span class=\"thumb-info-title\"><span class=\"thumb-info-inner\">Welcome Coffee<em><\/em><\/span><\/span><\/span><\/div><\/div><\/div><\/div><\/div><\/div><div class=\"vc_row wpb_row top-row vc_custom_1763410631221 porto-inner-container wpb_custom_034b39d9bc6c6b310d69e39f0ccf274f\"><div class=\"porto-wrap-container container\"><div class=\"row align-items-center\"><div class=\"pe-lg-4 vc_column_container col-md-6\"><div class=\"wpb_wrapper vc_column-inner\"><div class=\"vc_row wpb_row vc_inner row justify-content-end\"><div class=\"vc_column_container col-md-12 col-lg-9\" data-appear-animation=\"fadeInRight\" data-appear-animation-delay=\"600\"><div class=\"wpb_wrapper vc_column-inner\"><div class=\"porto-u-heading my-5  wpb_custom_95aa9a11c17ad45cfabaf210d84ee7cc porto-u-deedcbb7371acea8894cf5880bfdad9c \"><div class=\"porto-u-main-heading\"><h2   style=\"font-weight:700;color:var(--porto-primary-color);font-size:14px;line-height:27px;\">SOBRE O MASSTIGE<\/h2><\/div><div class=\"porto-u-sub-heading\" style=\"font-weight:700;color: #212529;font-size:28px;line-height:42px;\">Com mais de 20 anos de experi\u00eancia em todas as vertentes da gastronomia<\/div><style>.porto-u-deedcbb7371acea8894cf5880bfdad9c.porto-u-heading{text-align:right}<\/style><\/div><\/div><\/div><div class=\"vc_column_container col-md-12 col-lg-10\"><div class=\"wpb_wrapper vc_column-inner\">\r\n\t<div class=\"wpb_single_image wpb_content_element vc_align_left wpb_content_element   mb-1 wpb_custom_81a4f7ef9830bf958462581aa01150fb\" data-appear-animation=\"zoomIn\" data-appear-animation-delay=\"500\"><div class=\"wpb_wrapper\">\r\n\t\t\t\r\n\t\t\t<div class=\"vc_single_image-wrapper   vc_box_border_grey\"><img decoding=\"async\" width=\"1200\" height=\"800\" src=\"https:\/\/masstige.pt\/wp-content\/uploads\/2023\/02\/Masstige-Catering21.jpg\" class=\"vc_single_image-img attachment-full\" alt=\"\" title=\"Masstige-Catering21\" srcset=\"https:\/\/masstige.pt\/wp-content\/uploads\/2023\/02\/Masstige-Catering21.jpg 1200w, https:\/\/masstige.pt\/wp-content\/uploads\/2023\/02\/Masstige-Catering21-1024x683.jpg 1024w, https:\/\/masstige.pt\/wp-content\/uploads\/2023\/02\/Masstige-Catering21-768x512.jpg 768w, https:\/\/masstige.pt\/wp-content\/uploads\/2023\/02\/Masstige-Catering21-640x427.jpg 640w, https:\/\/masstige.pt\/wp-content\/uploads\/2023\/02\/Masstige-Catering21-400x267.jpg 400w\" sizes=\"(max-width: 1200px) 100vw, 1200px\" \/><\/div>\r\n\t\t<\/div>\r\n\t<\/div>\r\n<\/div><\/div><\/div><\/div><\/div><div class=\"ps-lg-4 vc_column_container col-md-6\"><div class=\"wpb_wrapper vc_column-inner\"><div class=\"vc_row wpb_row vc_inner row justify-content-start\"><div class=\"vc_column_container col-md-12 col-lg-10\"><div class=\"wpb_wrapper vc_column-inner\">\r\n\t<div class=\"wpb_single_image wpb_content_element vc_align_left wpb_content_element   mb-0 wpb_custom_81a4f7ef9830bf958462581aa01150fb\" data-appear-animation=\"zoomIn\" data-appear-animation-delay=\"500\"><div class=\"wpb_wrapper\">\r\n\t\t\t\r\n\t\t\t<div class=\"vc_single_image-wrapper   vc_box_border_grey\"><img decoding=\"async\" width=\"2160\" height=\"1441\" src=\"https:\/\/masstige.pt\/wp-content\/uploads\/2025\/03\/Shout-Estudio-Masstige-Catering-Natal-0086.jpg\" class=\"vc_single_image-img attachment-full\" alt=\"\" title=\"Shout Estudio - Masstige Catering Natal - 0086\" srcset=\"https:\/\/masstige.pt\/wp-content\/uploads\/2025\/03\/Shout-Estudio-Masstige-Catering-Natal-0086.jpg 2160w, https:\/\/masstige.pt\/wp-content\/uploads\/2025\/03\/Shout-Estudio-Masstige-Catering-Natal-0086-1024x683.jpg 1024w, https:\/\/masstige.pt\/wp-content\/uploads\/2025\/03\/Shout-Estudio-Masstige-Catering-Natal-0086-768x512.jpg 768w, https:\/\/masstige.pt\/wp-content\/uploads\/2025\/03\/Shout-Estudio-Masstige-Catering-Natal-0086-1536x1025.jpg 1536w, https:\/\/masstige.pt\/wp-content\/uploads\/2025\/03\/Shout-Estudio-Masstige-Catering-Natal-0086-2048x1366.jpg 2048w, https:\/\/masstige.pt\/wp-content\/uploads\/2025\/03\/Shout-Estudio-Masstige-Catering-Natal-0086-640x427.jpg 640w, https:\/\/masstige.pt\/wp-content\/uploads\/2025\/03\/Shout-Estudio-Masstige-Catering-Natal-0086-400x267.jpg 400w\" sizes=\"(max-width: 2160px) 100vw, 2160px\" \/><\/div>\r\n\t\t<\/div>\r\n\t<\/div>\r\n<\/div><\/div><div class=\"vc_column_container col-md-12 col-lg-11\" data-appear-animation=\"fadeInLeft\" data-appear-animation-delay=\"600\"><div class=\"wpb_wrapper vc_column-inner\"><div class=\"porto-u-heading mt-5  wpb_custom_95aa9a11c17ad45cfabaf210d84ee7cc porto-u-ad87e2eaf3f9c495180fe0156ddf3eb0 \"><div class=\"porto-u-main-heading\"><h2   style=\"font-weight:700;color:var(--porto-primary-color);font-size:14px;line-height:27px;\">COMECE J\u00c1 A PLANEAR O SEU EVENTO<\/h2><\/div><div class=\"porto-u-sub-heading\" style=\"font-size:16.8px;line-height:32px;\">Pe\u00e7a j\u00e1 o seu or\u00e7amento e garanta um servi\u00e7o de catering \u00e0 medida do seu evento. Encontre em contacto e veja como o podemos servir.<\/div><style>.porto-u-ad87e2eaf3f9c495180fe0156ddf3eb0.porto-u-heading{text-align:left}<\/style><\/div><div class=\"vc_btn3-container vc_btn3-inline vc_custom_1763410536523 vc_do_btn\" >\r\n\t<a  data-appear-animation=\"fadeInUp\"  data-appear-animation-delay=\"600\" class=\"vc_btn3 vc_btn3-shape-rounded text-capitalize w-btn  wpb_custom_6687b26f39488ddbb85ddb3c1ce8e111 btn btn-modern btn-md btn-primary\" style=\"font-size:1rem; font-weight:700; padding:0.8rem 1rem;\" href=\"\/pedir-orcamento\/\" title=\"Pedir Or\u00e7amento\">Pedir Or\u00e7amento<\/a>\t<\/div>\r\n<\/div><\/div><\/div><\/div><\/div><\/div><\/div><\/div>\n<\/div>","protected":false},"excerpt":{"rendered":"MASSTIGE CATERING Celebrar com saborNo Masstige, criamos experi\u00eancias gastron\u00f3micas pensadas para momentos especiais. Desenvolvemos servi\u00e7os de catering personalizados para casamentos, batizados e eventos privados, combinando ingredientes de qualidade, apresenta\u00e7\u00e3o cuidada e sabores que marcam pela eleg\u00e2ncia e equil\u00edbrio. Cada menu \u00e9 adaptado ao estilo do evento, ao n\u00famero de convidados e \u00e0 identidade de quem [...]","protected":false},"author":1,"featured_media":0,"parent":0,"menu_order":0,"comment_status":"closed","ping_status":"closed","template":"","meta":{"footnotes":""},"class_list":["post-2","page","type-page","status-publish","hentry"],"yoast_head":"<!-- This site is optimized with the Yoast SEO plugin v27.0 - https:\/\/yoast.com\/product\/yoast-seo-wordpress\/ -->\n<title>Masstige Catering<\/title>\n<meta name=\"description\" content=\"Catering em Lisboa para eventos, empresas e ocasi\u00f5es especiais. Menus personalizados, ingredientes de qualidade e servi\u00e7o premium.\" \/>\n<meta name=\"robots\" content=\"index, follow, max-snippet:-1, max-image-preview:large, max-video-preview:-1\" \/>\n<link rel=\"canonical\" href=\"https:\/\/masstige.pt\/en\/\" \/>\n<meta property=\"og:locale\" content=\"en_GB\" \/>\n<meta property=\"og:type\" content=\"article\" \/>\n<meta property=\"og:title\" content=\"Masstige Catering\" \/>\n<meta property=\"og:description\" content=\"Catering em Lisboa para eventos, empresas e ocasi\u00f5es especiais. Menus personalizados, ingredientes de qualidade e servi\u00e7o premium.\" \/>\n<meta property=\"og:url\" content=\"https:\/\/masstige.pt\/en\/\" \/>\n<meta property=\"og:site_name\" content=\"Masstige Catering\" \/>\n<meta property=\"article:modified_time\" content=\"2025-12-26T17:30:51+00:00\" \/>\n<meta name=\"twitter:card\" content=\"summary_large_image\" \/>\n<meta name=\"twitter:label1\" content=\"Estimated reading time\" \/>\n\t<meta name=\"twitter:data1\" content=\"5 minutes\" \/>\n<script type=\"application\/ld+json\" class=\"yoast-schema-graph\">{\"@context\":\"https:\/\/schema.org\",\"@graph\":[{\"@type\":\"WebPage\",\"@id\":\"https:\/\/masstige.pt\/\",\"url\":\"https:\/\/masstige.pt\/\",\"name\":\"Masstige Catering\",\"isPartOf\":{\"@id\":\"https:\/\/masstige.pt\/#website\"},\"datePublished\":\"2020-07-25T10:17:56+00:00\",\"dateModified\":\"2025-12-26T17:30:51+00:00\",\"description\":\"Catering em Lisboa para eventos, empresas e ocasi\u00f5es especiais. Menus personalizados, ingredientes de qualidade e servi\u00e7o premium.\",\"breadcrumb\":{\"@id\":\"https:\/\/masstige.pt\/#breadcrumb\"},\"inLanguage\":\"en-GB\",\"potentialAction\":[{\"@type\":\"ReadAction\",\"target\":[\"https:\/\/masstige.pt\/\"]}]},{\"@type\":\"BreadcrumbList\",\"@id\":\"https:\/\/masstige.pt\/#breadcrumb\",\"itemListElement\":[{\"@type\":\"ListItem\",\"position\":1,\"name\":\"In\u00edcio\",\"item\":\"https:\/\/masstige.pt\/\"},{\"@type\":\"ListItem\",\"position\":2,\"name\":\"Masstige\"}]},{\"@type\":\"WebSite\",\"@id\":\"https:\/\/masstige.pt\/#website\",\"url\":\"https:\/\/masstige.pt\/\",\"name\":\"Masstige Catering\",\"description\":\"Eventos para todas as medidas\",\"potentialAction\":[{\"@type\":\"SearchAction\",\"target\":{\"@type\":\"EntryPoint\",\"urlTemplate\":\"https:\/\/masstige.pt\/?s={search_term_string}\"},\"query-input\":{\"@type\":\"PropertyValueSpecification\",\"valueRequired\":true,\"valueName\":\"search_term_string\"}}],\"inLanguage\":\"en-GB\"}]}<\/script>\n<!-- \/ Yoast SEO plugin. -->","yoast_head_json":{"title":"Masstige Catering","description":"Catering em Lisboa para eventos, empresas e ocasi\u00f5es especiais. Menus personalizados, ingredientes de qualidade e servi\u00e7o premium.","robots":{"index":"index","follow":"follow","max-snippet":"max-snippet:-1","max-image-preview":"max-image-preview:large","max-video-preview":"max-video-preview:-1"},"canonical":"https:\/\/masstige.pt\/en\/","og_locale":"en_GB","og_type":"article","og_title":"Masstige Catering","og_description":"Catering em Lisboa para eventos, empresas e ocasi\u00f5es especiais. Menus personalizados, ingredientes de qualidade e servi\u00e7o premium.","og_url":"https:\/\/masstige.pt\/en\/","og_site_name":"Masstige Catering","article_modified_time":"2025-12-26T17:30:51+00:00","twitter_card":"summary_large_image","twitter_misc":{"Estimated reading time":"5 minutes"},"schema":{"@context":"https:\/\/schema.org","@graph":[{"@type":"WebPage","@id":"https:\/\/masstige.pt\/","url":"https:\/\/masstige.pt\/","name":"Masstige Catering","isPartOf":{"@id":"https:\/\/masstige.pt\/#website"},"datePublished":"2020-07-25T10:17:56+00:00","dateModified":"2025-12-26T17:30:51+00:00","description":"Catering em Lisboa para eventos, empresas e ocasi\u00f5es especiais. Menus personalizados, ingredientes de qualidade e servi\u00e7o premium.","breadcrumb":{"@id":"https:\/\/masstige.pt\/#breadcrumb"},"inLanguage":"en-GB","potentialAction":[{"@type":"ReadAction","target":["https:\/\/masstige.pt\/"]}]},{"@type":"BreadcrumbList","@id":"https:\/\/masstige.pt\/#breadcrumb","itemListElement":[{"@type":"ListItem","position":1,"name":"In\u00edcio","item":"https:\/\/masstige.pt\/"},{"@type":"ListItem","position":2,"name":"Masstige"}]},{"@type":"WebSite","@id":"https:\/\/masstige.pt\/#website","url":"https:\/\/masstige.pt\/","name":"Masstige Catering","description":"Eventos para todas as medidas","potentialAction":[{"@type":"SearchAction","target":{"@type":"EntryPoint","urlTemplate":"https:\/\/masstige.pt\/?s={search_term_string}"},"query-input":{"@type":"PropertyValueSpecification","valueRequired":true,"valueName":"search_term_string"}}],"inLanguage":"en-GB"}]}},"_links":{"self":[{"href":"https:\/\/masstige.pt\/en\/wp-json\/wp\/v2\/pages\/2","targetHints":{"allow":["GET"]}}],"collection":[{"href":"https:\/\/masstige.pt\/en\/wp-json\/wp\/v2\/pages"}],"about":[{"href":"https:\/\/masstige.pt\/en\/wp-json\/wp\/v2\/types\/page"}],"author":[{"embeddable":true,"href":"https:\/\/masstige.pt\/en\/wp-json\/wp\/v2\/users\/1"}],"replies":[{"embeddable":true,"href":"https:\/\/masstige.pt\/en\/wp-json\/wp\/v2\/comments?post=2"}],"version-history":[{"count":34,"href":"https:\/\/masstige.pt\/en\/wp-json\/wp\/v2\/pages\/2\/revisions"}],"predecessor-version":[{"id":4220,"href":"https:\/\/masstige.pt\/en\/wp-json\/wp\/v2\/pages\/2\/revisions\/4220"}],"wp:attachment":[{"href":"https:\/\/masstige.pt\/en\/wp-json\/wp\/v2\/media?parent=2"}],"curies":[{"name":"wp","href":"https:\/\/api.w.org\/{rel}","templated":true}]}}