{"id":3,"date":"2021-08-26T18:48:30","date_gmt":"2021-08-26T18:48:30","guid":{"rendered":"https:\/\/masstige.pt\/?page_id=3"},"modified":"2021-09-14T23:14:25","modified_gmt":"2021-09-14T22:14:25","slug":"privacy-policy","status":"publish","type":"page","link":"https:\/\/masstige.pt\/en\/privacy-policy\/","title":{"rendered":"Privacy Policy"},"content":{"rendered":"<p>O nosso dever e objectivo \u00e9 disponibilizar e promover todo um servi\u00e7o de excel\u00eancia para garantir a satisfa\u00e7\u00e3o dos nossos clientes. Para isso, agradecemos que leia atentamente as condi\u00e7\u00f5es de utiliza\u00e7\u00e3o dos conte\u00fados dispon\u00edveis neste site. Veja ainda os Termos de Utiliza\u00e7\u00e3o dispon\u00edveis no site.<br><br><br>O site www.masstige.pt representa a marca Masstige e \u00e9 gerido pela empresa Masstige Catering, Lda.<br>&nbsp;<br>Apresentamos os seguintes temas muito importantes que validam e asseguram toda a seguran\u00e7a e privacidade dos dados pessoais dos clientes que nos visitam e registam encomendas.<br>&nbsp;<br><strong>A Pol\u00edtica de Privacidade<\/strong><br>A actual Pol\u00edtica de Privacidade inclui os dados pessoais que identificam claramente os visitantes que se registam atrav\u00e9s do formul\u00e1rio de registo afim de efectuarem as encomendas.<br><br><strong>Recolha e Tratamento dos Dados Pessoais<\/strong><br>Em www.masstige.pt recolhemos informa\u00e7\u00e3o sempre que haja um registo volunt\u00e1rio do visitante. A informa\u00e7\u00e3o assim recolhida \u00e9 individualmente identific\u00e1vel (dados pessoais). Uma vez registado no site o visitante, para n\u00f3s, deixa de ser an\u00f3nimo.<br>Recolhemos ainda a informa\u00e7\u00e3o sobre o sistema inform\u00e1tico utilizado para aceder ao site e a navega\u00e7\u00e3o efectuada pelo visitante (registado ou n\u00e3o), para diversos fins estat\u00edsticos e de marketing no site:<br>&#8211; consultas das p\u00e1ginas visitadas;&nbsp;<br>&#8211; consultas dos produtos procurados;&nbsp;<br>&#8211; consulta das ades\u00f5es das promo\u00e7\u00f5es, passatempos ou concursos.&nbsp;<br><br>Os dados obtidos desta forma, individualmente identific\u00e1veis ou n\u00e3o, apenas servem para decidir estrat\u00e9gias de vendas atrav\u00e9s do site n\u00e3o colocando em causa a privacidade de cada individuo an\u00f3nimo ou n\u00e3o.<br>&nbsp;<br>No site www.masstige.pt utilizamos os dados pessoais para:&nbsp;<br>1 &#8211; Permitir o acesso a zonas reservadas do site a que s\u00f3 os visitantes registados t\u00eam acesso;&nbsp;<br>2 &#8211; Personalizar os conte\u00fados e a publicidade;&nbsp;<br>3 &#8211; Corresponder \u00e0s solicita\u00e7\u00f5es dos visitantes registados sobre produtos e servi\u00e7os;&nbsp;<br>4 &#8211; Informar o visitante registado acerca dos produtos comercializados no site, nomeadamente atrav\u00e9s do envio de newsletters electr\u00f3nicas;<br>5 &#8211; Partilha e Divulga\u00e7\u00e3o dos Dados Pessoais.<br>&nbsp;<br>Por considerar a informa\u00e7\u00e3o confidencial e individual, a Masstige n\u00e3o ir\u00e1 vender ou ceder a terceiros os dados pessoais dos visitantes registados. Estes apenas s\u00e3o utilizados no \u00e2mbito dos servi\u00e7os inerentes prestados pela Masstige e sempre com o objectivo de melhorar o servi\u00e7o prestado aos seus clientes.<br>&nbsp;<br>A Masstige faculta a informa\u00e7\u00e3o sobre os dados pessoais dos visitantes registados a outras empresas ou pessoas apenas quando:&nbsp;<br>1 &#8211; Tiver autoriza\u00e7\u00e3o expressa do visitante registado para tal;&nbsp;<br>2 &#8211; Tal for necess\u00e1rio com o fim de a Masstige poder fornecer os produtos ou servi\u00e7os requisitados pelo visitante registado. Nesta situa\u00e7\u00e3o, as informa\u00e7\u00f5es fornecidas s\u00e3o as m\u00ednimas poss\u00edveis para que se cumpra o servi\u00e7o ou se forne\u00e7a o produto ao visitante. Estas empresas n\u00e3o est\u00e3o autorizadas a usar os dados&nbsp;pessoais do visitante registado, para al\u00e9m do estritamente necess\u00e1rio para a satisfa\u00e7\u00e3o do pedido da Masstige;<br>3 &#8211; Em resposta a notifica\u00e7\u00f5es legais, ordens ou processos judiciais;<br>4 &#8211; A Masstige considerar que as a\u00e7\u00f5es do visitante registado violem os Termos de Utiliza\u00e7\u00e3o ou quaisquer outras directrizes de produtos ou servi\u00e7os espec\u00edficos.&nbsp;<br><br><strong>Cookies<\/strong><br>O site www.masstige.pt n\u00e3o utiliza processo de cookies para gerir informa\u00e7\u00e3o.<br>&nbsp;<br><strong>Alterar e Apagar seu Registo<\/strong><br>O site www.masstige.pt permite ao visitante registado alterar dados do seu registo quando e sempre que o desejar, incluindo tamb\u00e9m as suas op\u00e7\u00f5es complementares ao registo, nomeadamente, que seja informado sobre ofertas especiais e sobre novos produtos e servi\u00e7os (envio de newsletters eletr\u00f3nicas).&nbsp;Contacte-nos via www.masstige.pt ou para encomendas@masstige.pt, Tel: +351 91 378 8978.<br>A qualquer momento o visitante registado pode solicitar o encerramento do seu registo em www.masstige.pt, contactando-nos pelas vias acima referidas. Os seus dados pessoais ficar\u00e3o contudo registados durante um per\u00edodo de 30 dias.<br>A disponibiliza\u00e7\u00e3o da informa\u00e7\u00e3o sobre os dados pessoais do visitante registado que fica nos nossos arquivos ap\u00f3s cessar o seu registo ser-lhe-\u00e1 disponibilizada da mesma forma e pelas mesmas vias atr\u00e1s descritas.<br>Os dados pessoais guardados nos nossos sistemas inform\u00e1ticos, cumprem todas as normas e legisla\u00e7\u00e3o vigente em Portugal.<br>&nbsp;<br><strong>Seguran\u00e7a<\/strong><br>O seu registo no www.masstige.pt est\u00e1 protegido por um c\u00f3digo de acesso pr\u00f3prio que lhe assegura privacidade e seguran\u00e7a.<br>Em algumas \u00e1reas, o www.masstige.pt utiliza um sistema de codifica\u00e7\u00e3o e encripta\u00e7\u00e3o, vulgarmente designado por SSL, para prote\u00e7\u00e3o da transmiss\u00e3o dos dados.<\/p>","protected":false},"excerpt":{"rendered":"<p>O nosso dever e objectivo \u00e9 disponibilizar e promover todo um servi\u00e7o de excel\u00eancia para garantir a satisfa\u00e7\u00e3o dos nossos clientes. Para isso, agradecemos que leia atentamente as condi\u00e7\u00f5es de utiliza\u00e7\u00e3o dos conte\u00fados dispon\u00edveis neste site. Veja ainda os Termos de Utiliza\u00e7\u00e3o dispon\u00edveis no site. O site www.masstige.pt representa a marca Masstige e \u00e9 gerido [&hellip;]<\/p>\n","protected":false},"author":1,"featured_media":0,"parent":0,"menu_order":0,"comment_status":"closed","ping_status":"open","template":"","meta":{"footnotes":""},"class_list":["post-3","page","type-page","status-publish","hentry"],"yoast_head":"<!-- This site is optimized with the Yoast SEO plugin v27.0 - https:\/\/yoast.com\/product\/yoast-seo-wordpress\/ -->\n<title>Pol\u00edtica de Privacidade - Masstige Catering<\/title>\n<meta name=\"robots\" content=\"index, follow, max-snippet:-1, max-image-preview:large, max-video-preview:-1\" \/>\n<link rel=\"canonical\" href=\"https:\/\/masstige.pt\/en\/privacy-policy\/\" \/>\n<meta property=\"og:locale\" content=\"en_GB\" \/>\n<meta property=\"og:type\" content=\"article\" \/>\n<meta property=\"og:title\" content=\"Pol\u00edtica de Privacidade - Masstige Catering\" \/>\n<meta property=\"og:description\" content=\"O nosso dever e objectivo \u00e9 disponibilizar e promover todo um servi\u00e7o de excel\u00eancia para garantir a satisfa\u00e7\u00e3o dos nossos clientes. Para isso, agradecemos que leia atentamente as condi\u00e7\u00f5es de utiliza\u00e7\u00e3o dos conte\u00fados dispon\u00edveis neste site. Veja ainda os Termos de Utiliza\u00e7\u00e3o dispon\u00edveis no site. O site www.masstige.pt representa a marca Masstige e \u00e9 gerido [&hellip;]\" \/>\n<meta property=\"og:url\" content=\"https:\/\/masstige.pt\/en\/privacy-policy\/\" \/>\n<meta property=\"og:site_name\" content=\"Masstige Catering\" \/>\n<meta property=\"article:modified_time\" content=\"2021-09-14T22:14:25+00:00\" \/>\n<meta name=\"twitter:card\" content=\"summary_large_image\" \/>\n<meta name=\"twitter:label1\" content=\"Estimated reading time\" \/>\n\t<meta name=\"twitter:data1\" content=\"4 minutes\" \/>\n<script type=\"application\/ld+json\" class=\"yoast-schema-graph\">{\"@context\":\"https:\/\/schema.org\",\"@graph\":[{\"@type\":\"WebPage\",\"@id\":\"https:\/\/masstige.pt\/privacy-policy\/\",\"url\":\"https:\/\/masstige.pt\/privacy-policy\/\",\"name\":\"Pol\u00edtica de Privacidade - Masstige Catering\",\"isPartOf\":{\"@id\":\"https:\/\/masstige.pt\/#website\"},\"datePublished\":\"2021-08-26T18:48:30+00:00\",\"dateModified\":\"2021-09-14T22:14:25+00:00\",\"breadcrumb\":{\"@id\":\"https:\/\/masstige.pt\/privacy-policy\/#breadcrumb\"},\"inLanguage\":\"en-GB\",\"potentialAction\":[{\"@type\":\"ReadAction\",\"target\":[\"https:\/\/masstige.pt\/privacy-policy\/\"]}]},{\"@type\":\"BreadcrumbList\",\"@id\":\"https:\/\/masstige.pt\/privacy-policy\/#breadcrumb\",\"itemListElement\":[{\"@type\":\"ListItem\",\"position\":1,\"name\":\"In\u00edcio\",\"item\":\"https:\/\/masstige.pt\/\"},{\"@type\":\"ListItem\",\"position\":2,\"name\":\"Pol\u00edtica de Privacidade\"}]},{\"@type\":\"WebSite\",\"@id\":\"https:\/\/masstige.pt\/#website\",\"url\":\"https:\/\/masstige.pt\/\",\"name\":\"Masstige Catering\",\"description\":\"Eventos para todas as medidas\",\"potentialAction\":[{\"@type\":\"SearchAction\",\"target\":{\"@type\":\"EntryPoint\",\"urlTemplate\":\"https:\/\/masstige.pt\/?s={search_term_string}\"},\"query-input\":{\"@type\":\"PropertyValueSpecification\",\"valueRequired\":true,\"valueName\":\"search_term_string\"}}],\"inLanguage\":\"en-GB\"}]}<\/script>\n<!-- \/ Yoast SEO plugin. -->","yoast_head_json":{"title":"Pol\u00edtica de Privacidade - Masstige Catering","robots":{"index":"index","follow":"follow","max-snippet":"max-snippet:-1","max-image-preview":"max-image-preview:large","max-video-preview":"max-video-preview:-1"},"canonical":"https:\/\/masstige.pt\/en\/privacy-policy\/","og_locale":"en_GB","og_type":"article","og_title":"Pol\u00edtica de Privacidade - Masstige Catering","og_description":"O nosso dever e objectivo \u00e9 disponibilizar e promover todo um servi\u00e7o de excel\u00eancia para garantir a satisfa\u00e7\u00e3o dos nossos clientes. Para isso, agradecemos que leia atentamente as condi\u00e7\u00f5es de utiliza\u00e7\u00e3o dos conte\u00fados dispon\u00edveis neste site. Veja ainda os Termos de Utiliza\u00e7\u00e3o dispon\u00edveis no site. O site www.masstige.pt representa a marca Masstige e \u00e9 gerido [&hellip;]","og_url":"https:\/\/masstige.pt\/en\/privacy-policy\/","og_site_name":"Masstige Catering","article_modified_time":"2021-09-14T22:14:25+00:00","twitter_card":"summary_large_image","twitter_misc":{"Estimated reading time":"4 minutes"},"schema":{"@context":"https:\/\/schema.org","@graph":[{"@type":"WebPage","@id":"https:\/\/masstige.pt\/privacy-policy\/","url":"https:\/\/masstige.pt\/privacy-policy\/","name":"Pol\u00edtica de Privacidade - Masstige Catering","isPartOf":{"@id":"https:\/\/masstige.pt\/#website"},"datePublished":"2021-08-26T18:48:30+00:00","dateModified":"2021-09-14T22:14:25+00:00","breadcrumb":{"@id":"https:\/\/masstige.pt\/privacy-policy\/#breadcrumb"},"inLanguage":"en-GB","potentialAction":[{"@type":"ReadAction","target":["https:\/\/masstige.pt\/privacy-policy\/"]}]},{"@type":"BreadcrumbList","@id":"https:\/\/masstige.pt\/privacy-policy\/#breadcrumb","itemListElement":[{"@type":"ListItem","position":1,"name":"In\u00edcio","item":"https:\/\/masstige.pt\/"},{"@type":"ListItem","position":2,"name":"Pol\u00edtica de Privacidade"}]},{"@type":"WebSite","@id":"https:\/\/masstige.pt\/#website","url":"https:\/\/masstige.pt\/","name":"Masstige Catering","description":"Eventos para todas as medidas","potentialAction":[{"@type":"SearchAction","target":{"@type":"EntryPoint","urlTemplate":"https:\/\/masstige.pt\/?s={search_term_string}"},"query-input":{"@type":"PropertyValueSpecification","valueRequired":true,"valueName":"search_term_string"}}],"inLanguage":"en-GB"}]}},"_links":{"self":[{"href":"https:\/\/masstige.pt\/en\/wp-json\/wp\/v2\/pages\/3","targetHints":{"allow":["GET"]}}],"collection":[{"href":"https:\/\/masstige.pt\/en\/wp-json\/wp\/v2\/pages"}],"about":[{"href":"https:\/\/masstige.pt\/en\/wp-json\/wp\/v2\/types\/page"}],"author":[{"embeddable":true,"href":"https:\/\/masstige.pt\/en\/wp-json\/wp\/v2\/users\/1"}],"replies":[{"embeddable":true,"href":"https:\/\/masstige.pt\/en\/wp-json\/wp\/v2\/comments?post=3"}],"version-history":[{"count":0,"href":"https:\/\/masstige.pt\/en\/wp-json\/wp\/v2\/pages\/3\/revisions"}],"wp:attachment":[{"href":"https:\/\/masstige.pt\/en\/wp-json\/wp\/v2\/media?parent=3"}],"curies":[{"name":"wp","href":"https:\/\/api.w.org\/{rel}","templated":true}]}}