{"id":4078,"date":"2025-11-17T19:38:01","date_gmt":"2025-11-17T18:38:01","guid":{"rendered":"https:\/\/masstige.pt\/?page_id=4078"},"modified":"2025-11-19T23:47:06","modified_gmt":"2025-11-19T22:47:06","slug":"servicos","status":"publish","type":"page","link":"https:\/\/masstige.pt\/en\/servicos\/","title":{"rendered":"Services"},"content":{"rendered":"<div class=\"wpb-content-wrapper\"><div class=\"vc_row wpb_row row top-row vc_custom_1763406912224 no-padding vc_row-has-fill wpb_custom_034b39d9bc6c6b310d69e39f0ccf274f\"><div class=\"vc_column_container col-md-12\"><div class=\"wpb_wrapper vc_column-inner\"><div class=\"porto-container container position-relative z-index-2 mt-3 mb-5\"><div class=\"vc_row wpb_row vc_inner row vc_row-o-content-top vc_row-flex\"><div class=\"vc_column_container col-md-12 col-lg-6\" data-appear-animation=\"fadeInLeft\" data-appear-animation-delay=\"500\"><div class=\"wpb_wrapper vc_column-inner\"><h3 style=\"font-size: 1.2em;line-height: 42px;font-weight:500;letter-spacing:2.5px\" class=\"vc_custom_heading vc_do_custom_heading mb-0 wpb_custom_aa365bd5046e8294520b4e73732b9d15 align-left heading-primary\" >MASSTIGE CATERING<\/h3><h2 style=\"font-size: 2.5em;line-height: 1.2;font-weight:700\" class=\"vc_custom_heading vc_do_custom_heading mb-3 wpb_custom_aa365bd5046e8294520b4e73732b9d15 align-left\" >A service you can rely on.<\/h2>\r\n\t<div class=\"wpb_text_column wpb_content_element wpb_custom_7c91d232724f73626cc933bd95b25ff0\" >\r\n\t\t<div class=\"wpb_wrapper\">\r\n\t\t\t<p><span style=\"font-weight: 400;\">Masstige has a selection of hand-picked professionals for your event. Whatever it may be. We have been around since 2006, so ceremonies, food and fun are synonymous in our dictionary.\u00a0 <\/span><\/p>\n<p><span style=\"font-weight: 400;\">We prepare in the same way, whether it's for a birthday party or a coffee break. Only the details change, which are the most important part of any enjoyable evening. We also take care of the music, lighting and entertainment. All you need to do is tell us how many people will be attending (minimum 50 guests), what space you will be using and whether there are any dietary restrictions.<\/span><\/p>\n<p><span style=\"font-weight: 400;\"><strong>Then watch the magic of conviviality unfold before your eyes. <\/strong><\/span><\/p>\n\r\n\t\t<\/div>\r\n\t<\/div>\r\n<div class=\"porto-sicon-box mb-3  wpb_custom_1efe903570d178ff0a9b7bfa5febd3a4 style_1 default-icon\"><div class=\"porto-sicon-default\"><div class=\"porto-just-icon-wrapper porto-icon advanced\" style=\"color:#222529;border-style:solid;border-color:#e9e9e9;border-width:1px;width:28px;height:28px;line-height:28px;border-radius:15px;font-size:18px;margin-right:10px;\"><i class=\"fas fa-check\"><\/i><\/div><\/div><div class=\"porto-sicon-header\"><h5 class=\"porto-sicon-title\" style=\"font-weight:600;font-size:14px;letter-spacing:0;\">Major events<\/h5><\/div> <!-- header --><\/div><!-- porto-sicon-box --><div class=\"porto-sicon-box mb-3  wpb_custom_1efe903570d178ff0a9b7bfa5febd3a4 style_1 default-icon\"><div class=\"porto-sicon-default\"><div class=\"porto-just-icon-wrapper porto-icon advanced\" style=\"color:#222529;border-style:solid;border-color:#e9e9e9;border-width:1px;width:28px;height:28px;line-height:28px;border-radius:15px;font-size:18px;margin-right:10px;\"><i class=\"fas fa-check\"><\/i><\/div><\/div><div class=\"porto-sicon-header\"><h5 class=\"porto-sicon-title\" style=\"font-weight:600;font-size:14px;letter-spacing:0;\">Weddings<\/h5><\/div> <!-- header --><\/div><!-- porto-sicon-box --><div class=\"porto-sicon-box mb-3  wpb_custom_1efe903570d178ff0a9b7bfa5febd3a4 style_1 default-icon\"><div class=\"porto-sicon-default\"><div class=\"porto-just-icon-wrapper porto-icon advanced\" style=\"color:#222529;border-style:solid;border-color:#e9e9e9;border-width:1px;width:28px;height:28px;line-height:28px;border-radius:15px;font-size:18px;margin-right:10px;\"><i class=\"fas fa-check\"><\/i><\/div><\/div><div class=\"porto-sicon-header\"><h5 class=\"porto-sicon-title\" style=\"font-weight:600;font-size:14px;letter-spacing:0;\">Birthdays and Christening<\/h5><\/div> <!-- header --><\/div><!-- porto-sicon-box --><div class=\"porto-sicon-box mb-3  wpb_custom_1efe903570d178ff0a9b7bfa5febd3a4 style_1 default-icon\"><div class=\"porto-sicon-default\"><div class=\"porto-just-icon-wrapper porto-icon advanced\" style=\"color:#222529;border-style:solid;border-color:#e9e9e9;border-width:1px;width:28px;height:28px;line-height:28px;border-radius:15px;font-size:18px;margin-right:10px;\"><i class=\"fas fa-check\"><\/i><\/div><\/div><div class=\"porto-sicon-header\"><h5 class=\"porto-sicon-title\" style=\"font-weight:600;font-size:14px;letter-spacing:0;\">Breakfasts<\/h5><\/div> <!-- header --><\/div><!-- porto-sicon-box --><div class=\"porto-sicon-box mb-3  wpb_custom_1efe903570d178ff0a9b7bfa5febd3a4 style_1 default-icon\"><div class=\"porto-sicon-default\"><div class=\"porto-just-icon-wrapper porto-icon advanced\" style=\"color:#222529;border-style:solid;border-color:#e9e9e9;border-width:1px;width:28px;height:28px;line-height:28px;border-radius:15px;font-size:18px;margin-right:10px;\"><i class=\"fas fa-check\"><\/i><\/div><\/div><div class=\"porto-sicon-header\"><h5 class=\"porto-sicon-title\" style=\"font-weight:600;font-size:14px;letter-spacing:0;\">Lunches and Dinners<\/h5><\/div> <!-- header --><\/div><!-- porto-sicon-box --><div class=\"porto-sicon-box mb-3  wpb_custom_1efe903570d178ff0a9b7bfa5febd3a4 style_1 default-icon\"><div class=\"porto-sicon-default\"><div class=\"porto-just-icon-wrapper porto-icon advanced\" style=\"color:#222529;border-style:solid;border-color:#e9e9e9;border-width:1px;width:28px;height:28px;line-height:28px;border-radius:15px;font-size:18px;margin-right:10px;\"><i class=\"fas fa-check\"><\/i><\/div><\/div><div class=\"porto-sicon-header\"><h5 class=\"porto-sicon-title\" style=\"font-weight:600;font-size:14px;letter-spacing:0;\">Parties at your home<\/h5><\/div> <!-- header --><\/div><!-- porto-sicon-box --><div class=\"porto-sicon-box mb-3  wpb_custom_1efe903570d178ff0a9b7bfa5febd3a4 style_1 default-icon\"><div class=\"porto-sicon-default\"><div class=\"porto-just-icon-wrapper porto-icon advanced\" style=\"color:#222529;border-style:solid;border-color:#e9e9e9;border-width:1px;width:28px;height:28px;line-height:28px;border-radius:15px;font-size:18px;margin-right:10px;\"><i class=\"fas fa-check\"><\/i><\/div><\/div><div class=\"porto-sicon-header\"><h5 class=\"porto-sicon-title\" style=\"font-weight:600;font-size:14px;letter-spacing:0;\">Cocktails<\/h5><\/div> <!-- header --><\/div><!-- porto-sicon-box --><div class=\"porto-sicon-box mb-4 pb-2  wpb_custom_1efe903570d178ff0a9b7bfa5febd3a4 style_1 default-icon\"><div class=\"porto-sicon-default\"><div class=\"porto-just-icon-wrapper porto-icon advanced\" style=\"color:#222529;border-style:solid;border-color:#e9e9e9;border-width:1px;width:28px;height:28px;line-height:28px;border-radius:15px;font-size:18px;margin-right:10px;\"><i class=\"fas fa-check\"><\/i><\/div><\/div><div class=\"porto-sicon-header\"><h5 class=\"porto-sicon-title\" style=\"font-weight:600;font-size:14px;letter-spacing:0;\">Corporate Events<\/h5><\/div> <!-- header --><\/div><!-- porto-sicon-box --><div class=\"porto-btn-ctn-left\"><a class=\"porto-btn porto-adjust-bottom-margin porto-btn-normal porto-btn-no-hover-bg   wpb_custom_fa51088c2567b780100c1edcf8821d3b  porto-btn-left\"  rel='' href = \"\/en\/pedir-orcamento\/\"  data-hover=\"\" data-border-color=\"\" data-bg=\"var(--porto-primary-color)\" data-hover-bg=\"\" data-border-hover=\"\" data-shadow-click=\"none\" data-shadow=\"\" style=\"border:none;background: var(--porto-primary-color);color: var(--porto-light-color);\"><span class=\"porto-btn-hover\"><\/span><span class=\"porto-btn-data porto-btn-text\" >Request Quote<\/span><\/a><\/div><\/div><\/div><div class=\"pr-lg-5 mb-4 mb-lg-0 vc_column_container col-md-12 col-lg-6\"><div class=\"wpb_wrapper vc_column-inner\">\n<div class=\"vc_grid-container-wrapper vc_clearfix vc_grid-animation-zoomIn\">\n\t<div class=\"vc_grid-container vc_clearfix wpb_content_element vc_masonry_media_grid\" data-initial-loading-animation=\"zoomIn\" data-vc-grid-settings=\"{&quot;page_id&quot;:4078,&quot;style&quot;:&quot;all-masonry&quot;,&quot;action&quot;:&quot;vc_get_vc_grid_data&quot;,&quot;shortcode_id&quot;:&quot;1763585682423-503cc73396d600c455fe34d1c2681d7d-6&quot;,&quot;tag&quot;:&quot;vc_masonry_media_grid&quot;}\" data-vc-request=\"https:\/\/masstige.pt\/wp-admin\/admin-ajax.php\" data-vc-post-id=\"4078\" data-vc-public-nonce=\"4c3f39dbc9\">\n\t\t\n\t<\/div>\n<\/div><\/div><\/div><\/div><\/div><\/div><\/div><\/div>\n<\/div>","protected":false},"excerpt":{"rendered":"MASSTIGE CATERINGUm servi\u00e7o com que pode contar. O Masstige tem uma sele\u00e7\u00e3o de profissionais escolhidos a dedo para o seu evento. Seja qual for. Andamos por c\u00e1 desde 2006, por isso, cerim\u00f3nias, comida e divers\u00e3o s\u00e3o sin\u00f3nimos no nosso dicion\u00e1rio.\u00a0 Preparamo-nos da mesma forma, seja para uma festa de anivers\u00e1rio ou para um coffee break. [...]","protected":false},"author":362,"featured_media":0,"parent":0,"menu_order":0,"comment_status":"closed","ping_status":"closed","template":"","meta":{"footnotes":""},"class_list":["post-4078","page","type-page","status-publish","hentry"],"yoast_head":"<!-- This site is optimized with the Yoast SEO plugin v27.0 - https:\/\/yoast.com\/product\/yoast-seo-wordpress\/ -->\n<title>Servi\u00e7os - Masstige Catering<\/title>\n<meta name=\"description\" content=\"Conhe\u00e7a todos os servi\u00e7os de catering Masstige. Solu\u00e7\u00f5es completas para eventos, empresas e celebra\u00e7\u00f5es, com qualidade e sabores \u00fanicos.\" \/>\n<meta name=\"robots\" content=\"index, follow, max-snippet:-1, max-image-preview:large, max-video-preview:-1\" \/>\n<link rel=\"canonical\" href=\"https:\/\/masstige.pt\/en\/servicos\/\" \/>\n<meta property=\"og:locale\" content=\"en_GB\" \/>\n<meta property=\"og:type\" content=\"article\" \/>\n<meta property=\"og:title\" content=\"Servi\u00e7os - Masstige Catering\" \/>\n<meta property=\"og:description\" content=\"Conhe\u00e7a todos os servi\u00e7os de catering Masstige. Solu\u00e7\u00f5es completas para eventos, empresas e celebra\u00e7\u00f5es, com qualidade e sabores \u00fanicos.\" \/>\n<meta property=\"og:url\" content=\"https:\/\/masstige.pt\/en\/servicos\/\" \/>\n<meta property=\"og:site_name\" content=\"Masstige Catering\" \/>\n<meta property=\"article:modified_time\" content=\"2025-11-19T22:47:06+00:00\" \/>\n<meta name=\"twitter:card\" content=\"summary_large_image\" \/>\n<meta name=\"twitter:label1\" content=\"Estimated reading time\" \/>\n\t<meta name=\"twitter:data1\" content=\"2 minutes\" \/>\n<script type=\"application\/ld+json\" class=\"yoast-schema-graph\">{\"@context\":\"https:\/\/schema.org\",\"@graph\":[{\"@type\":\"WebPage\",\"@id\":\"https:\/\/masstige.pt\/servicos\/\",\"url\":\"https:\/\/masstige.pt\/servicos\/\",\"name\":\"Servi\u00e7os - Masstige Catering\",\"isPartOf\":{\"@id\":\"https:\/\/masstige.pt\/#website\"},\"datePublished\":\"2025-11-17T18:38:01+00:00\",\"dateModified\":\"2025-11-19T22:47:06+00:00\",\"description\":\"Conhe\u00e7a todos os servi\u00e7os de catering Masstige. Solu\u00e7\u00f5es completas para eventos, empresas e celebra\u00e7\u00f5es, com qualidade e sabores \u00fanicos.\",\"breadcrumb\":{\"@id\":\"https:\/\/masstige.pt\/servicos\/#breadcrumb\"},\"inLanguage\":\"en-GB\",\"potentialAction\":[{\"@type\":\"ReadAction\",\"target\":[\"https:\/\/masstige.pt\/servicos\/\"]}]},{\"@type\":\"BreadcrumbList\",\"@id\":\"https:\/\/masstige.pt\/servicos\/#breadcrumb\",\"itemListElement\":[{\"@type\":\"ListItem\",\"position\":1,\"name\":\"In\u00edcio\",\"item\":\"https:\/\/masstige.pt\/\"},{\"@type\":\"ListItem\",\"position\":2,\"name\":\"Servi\u00e7os\"}]},{\"@type\":\"WebSite\",\"@id\":\"https:\/\/masstige.pt\/#website\",\"url\":\"https:\/\/masstige.pt\/\",\"name\":\"Masstige Catering\",\"description\":\"Eventos para todas as medidas\",\"potentialAction\":[{\"@type\":\"SearchAction\",\"target\":{\"@type\":\"EntryPoint\",\"urlTemplate\":\"https:\/\/masstige.pt\/?s={search_term_string}\"},\"query-input\":{\"@type\":\"PropertyValueSpecification\",\"valueRequired\":true,\"valueName\":\"search_term_string\"}}],\"inLanguage\":\"en-GB\"}]}<\/script>\n<!-- \/ Yoast SEO plugin. -->","yoast_head_json":{"title":"Servi\u00e7os - Masstige Catering","description":"Conhe\u00e7a todos os servi\u00e7os de catering Masstige. Solu\u00e7\u00f5es completas para eventos, empresas e celebra\u00e7\u00f5es, com qualidade e sabores \u00fanicos.","robots":{"index":"index","follow":"follow","max-snippet":"max-snippet:-1","max-image-preview":"max-image-preview:large","max-video-preview":"max-video-preview:-1"},"canonical":"https:\/\/masstige.pt\/en\/servicos\/","og_locale":"en_GB","og_type":"article","og_title":"Servi\u00e7os - Masstige Catering","og_description":"Conhe\u00e7a todos os servi\u00e7os de catering Masstige. Solu\u00e7\u00f5es completas para eventos, empresas e celebra\u00e7\u00f5es, com qualidade e sabores \u00fanicos.","og_url":"https:\/\/masstige.pt\/en\/servicos\/","og_site_name":"Masstige Catering","article_modified_time":"2025-11-19T22:47:06+00:00","twitter_card":"summary_large_image","twitter_misc":{"Estimated reading time":"2 minutes"},"schema":{"@context":"https:\/\/schema.org","@graph":[{"@type":"WebPage","@id":"https:\/\/masstige.pt\/servicos\/","url":"https:\/\/masstige.pt\/servicos\/","name":"Servi\u00e7os - Masstige Catering","isPartOf":{"@id":"https:\/\/masstige.pt\/#website"},"datePublished":"2025-11-17T18:38:01+00:00","dateModified":"2025-11-19T22:47:06+00:00","description":"Conhe\u00e7a todos os servi\u00e7os de catering Masstige. Solu\u00e7\u00f5es completas para eventos, empresas e celebra\u00e7\u00f5es, com qualidade e sabores \u00fanicos.","breadcrumb":{"@id":"https:\/\/masstige.pt\/servicos\/#breadcrumb"},"inLanguage":"en-GB","potentialAction":[{"@type":"ReadAction","target":["https:\/\/masstige.pt\/servicos\/"]}]},{"@type":"BreadcrumbList","@id":"https:\/\/masstige.pt\/servicos\/#breadcrumb","itemListElement":[{"@type":"ListItem","position":1,"name":"In\u00edcio","item":"https:\/\/masstige.pt\/"},{"@type":"ListItem","position":2,"name":"Servi\u00e7os"}]},{"@type":"WebSite","@id":"https:\/\/masstige.pt\/#website","url":"https:\/\/masstige.pt\/","name":"Masstige Catering","description":"Eventos para todas as medidas","potentialAction":[{"@type":"SearchAction","target":{"@type":"EntryPoint","urlTemplate":"https:\/\/masstige.pt\/?s={search_term_string}"},"query-input":{"@type":"PropertyValueSpecification","valueRequired":true,"valueName":"search_term_string"}}],"inLanguage":"en-GB"}]}},"_links":{"self":[{"href":"https:\/\/masstige.pt\/en\/wp-json\/wp\/v2\/pages\/4078","targetHints":{"allow":["GET"]}}],"collection":[{"href":"https:\/\/masstige.pt\/en\/wp-json\/wp\/v2\/pages"}],"about":[{"href":"https:\/\/masstige.pt\/en\/wp-json\/wp\/v2\/types\/page"}],"author":[{"embeddable":true,"href":"https:\/\/masstige.pt\/en\/wp-json\/wp\/v2\/users\/362"}],"replies":[{"embeddable":true,"href":"https:\/\/masstige.pt\/en\/wp-json\/wp\/v2\/comments?post=4078"}],"version-history":[{"count":9,"href":"https:\/\/masstige.pt\/en\/wp-json\/wp\/v2\/pages\/4078\/revisions"}],"predecessor-version":[{"id":4193,"href":"https:\/\/masstige.pt\/en\/wp-json\/wp\/v2\/pages\/4078\/revisions\/4193"}],"wp:attachment":[{"href":"https:\/\/masstige.pt\/en\/wp-json\/wp\/v2\/media?parent=4078"}],"curies":[{"name":"wp","href":"https:\/\/api.w.org\/{rel}","templated":true}]}}